{"id":3744,"date":"2026-04-22T17:16:03","date_gmt":"2026-04-22T17:16:03","guid":{"rendered":"https:\/\/cegss.org.gt\/?page_id=3744"},"modified":"2026-04-22T18:19:58","modified_gmt":"2026-04-22T18:19:58","slug":"santa-catalina-la-tinta","status":"publish","type":"page","link":"https:\/\/cegss.org.gt\/en\/santa-catalina-la-tinta\/","title":{"rendered":"SANTA CATALINA LA TINTA"},"content":{"rendered":"<div data-elementor-type=\"wp-page\" data-elementor-id=\"3744\" class=\"elementor elementor-3744\">\n\t\t\t\t<div class=\"elementor-element elementor-element-32296ca e-flex e-con-boxed wpr-particle-no wpr-jarallax-no wpr-parallax-no wpr-sticky-section-no wpr-equal-height-no e-con e-parent\" data-id=\"32296ca\" data-element_type=\"container\" data-e-type=\"container\" data-settings=\"{&quot;background_background&quot;:&quot;classic&quot;}\">\n\t\t\t\t\t<div class=\"e-con-inner\">\n\t\t\t\t<div class=\"elementor-element elementor-element-5a7a0b8 elementor-widget elementor-widget-heading\" data-id=\"5a7a0b8\" data-element_type=\"widget\" data-e-type=\"widget\" data-widget_type=\"heading.default\">\n\t\t\t\t\t<h2 class=\"elementor-heading-title elementor-size-default\">Community Diagnostics\nMunicipalities<\/h2>\t\t\t\t<\/div>\n\t\t\t\t<div class=\"elementor-element elementor-element-9a849f2 elementor-widget elementor-widget-wpr-breadcrumbs-pro\" data-id=\"9a849f2\" data-element_type=\"widget\" data-e-type=\"widget\" data-widget_type=\"wpr-breadcrumbs-pro.default\">\n\t\t\t\t\t<div class=\"wpr-post-breadcrumbs\"><ul class=\"wpr-breadcrumbs\"><li><a href=\"https:\/\/cegss.org.gt\/en\">CEGSS<\/a><\/li><li>\/<\/li><li>SANTA CATALINA LA TINTA<\/li><\/ul><\/div>\t\t\t\t<\/div>\n\t\t\t\t\t<\/div>\n\t\t\t\t<\/div>\n\t\t<div class=\"elementor-element elementor-element-178a4e4 e-flex e-con-boxed wpr-particle-no wpr-jarallax-no wpr-parallax-no wpr-sticky-section-no wpr-equal-height-no e-con e-parent\" data-id=\"178a4e4\" data-element_type=\"container\" data-e-type=\"container\">\n\t\t\t\t\t<div class=\"e-con-inner\">\n\t\t<div class=\"elementor-element elementor-element-09170bf e-con-full e-flex wpr-particle-no wpr-jarallax-no wpr-parallax-no wpr-sticky-section-no wpr-equal-height-no e-con e-child\" data-id=\"09170bf\" data-element_type=\"container\" data-e-type=\"container\">\n\t\t\t\t<div class=\"elementor-element elementor-element-6b56dc3 elementor-widget-divider--view-line elementor-widget elementor-widget-divider\" data-id=\"6b56dc3\" data-element_type=\"widget\" data-e-type=\"widget\" data-widget_type=\"divider.default\">\n\t\t\t\t\t\t\t<div class=\"elementor-divider\">\n\t\t\t<span class=\"elementor-divider-separator\">\n\t\t\t\t\t\t<\/span>\n\t\t<\/div>\n\t\t\t\t\t\t<\/div>\n\t\t\t\t<div class=\"elementor-element elementor-element-b661c46 elementor-widget elementor-widget-heading\" data-id=\"b661c46\" data-element_type=\"widget\" data-e-type=\"widget\" data-widget_type=\"heading.default\">\n\t\t\t\t\t<h2 class=\"elementor-heading-title elementor-size-default\"><span style=\"font-weight: 400\">Santa Catalina la Tinta<\/span><\/h2>\t\t\t\t<\/div>\n\t\t\t\t<div class=\"elementor-element elementor-element-822b175 elementor-widget-divider--view-line elementor-widget elementor-widget-divider\" data-id=\"822b175\" data-element_type=\"widget\" data-e-type=\"widget\" data-widget_type=\"divider.default\">\n\t\t\t\t\t\t\t<div class=\"elementor-divider\">\n\t\t\t<span class=\"elementor-divider-separator\">\n\t\t\t\t\t\t<\/span>\n\t\t<\/div>\n\t\t\t\t\t\t<\/div>\n\t\t\t\t<\/div>\n\t\t\t\t\t<\/div>\n\t\t\t\t<\/div>\n\t\t<div class=\"elementor-element elementor-element-e6f5cc0 e-flex e-con-boxed wpr-particle-no wpr-jarallax-no wpr-parallax-no wpr-sticky-section-no wpr-equal-height-no e-con e-parent\" data-id=\"e6f5cc0\" data-element_type=\"container\" data-e-type=\"container\">\n\t\t\t\t\t<div class=\"e-con-inner\">\n\t\t<div class=\"elementor-element elementor-element-c78abd2 e-con-full e-flex wpr-particle-no wpr-jarallax-no wpr-parallax-no wpr-sticky-section-no wpr-equal-height-no e-con e-child\" data-id=\"c78abd2\" data-element_type=\"container\" data-e-type=\"container\">\n\t\t\t\t<div class=\"elementor-element elementor-element-043cc0b elementor-widget elementor-widget-image\" data-id=\"043cc0b\" data-element_type=\"widget\" data-e-type=\"widget\" data-widget_type=\"image.default\">\n\t\t\t\t\t\t\t\t\t\t\t\t\t\t\t<img fetchpriority=\"high\" decoding=\"async\" width=\"960\" height=\"893\" src=\"https:\/\/cegss.org.gt\/wp-content\/uploads\/2026\/04\/Barrio-Campo-Nuevo-1024x952.png\" class=\"attachment-large size-large wp-image-3769\" alt=\"\" srcset=\"https:\/\/cegss.org.gt\/wp-content\/uploads\/2026\/04\/Barrio-Campo-Nuevo-1024x952.png 1024w, https:\/\/cegss.org.gt\/wp-content\/uploads\/2026\/04\/Barrio-Campo-Nuevo-300x279.png 300w, https:\/\/cegss.org.gt\/wp-content\/uploads\/2026\/04\/Barrio-Campo-Nuevo-768x714.png 768w, https:\/\/cegss.org.gt\/wp-content\/uploads\/2026\/04\/Barrio-Campo-Nuevo-13x12.png 13w, https:\/\/cegss.org.gt\/wp-content\/uploads\/2026\/04\/Barrio-Campo-Nuevo.png 1275w\" sizes=\"(max-width: 960px) 100vw, 960px\" \/>\t\t\t\t\t\t\t\t\t\t\t\t\t\t\t<\/div>\n\t\t\t\t<div class=\"elementor-element elementor-element-089b7a5 elementor-widget elementor-widget-text-editor\" data-id=\"089b7a5\" data-element_type=\"widget\" data-e-type=\"widget\" data-widget_type=\"text-editor.default\">\n\t\t\t\t\t\t\t\t\t<p>Barrio Campo Nuevo<\/p>\t\t\t\t\t\t\t\t<\/div>\n\t\t\t\t<div class=\"elementor-element elementor-element-0b34880 elementor-align-justify elementor-widget elementor-widget-button\" data-id=\"0b34880\" data-element_type=\"widget\" data-e-type=\"widget\" data-widget_type=\"button.default\">\n\t\t\t\t\t\t\t\t\t\t<a class=\"elementor-button elementor-button-link elementor-size-sm\" href=\"\/wp-content\/uploads\/2026\/04\/Barrio-Campo-Nuevo.pdf\" target=\"_blank\">\n\t\t\t\t\t\t<span class=\"elementor-button-content-wrapper\">\n\t\t\t\t\t\t<span class=\"elementor-button-icon\">\n\t\t\t\t<svg xmlns=\"http:\/\/www.w3.org\/2000\/svg\" shape-rendering=\"geometricPrecision\" text-rendering=\"geometricPrecision\" image-rendering=\"optimizeQuality\" fill-rule=\"evenodd\" clip-rule=\"evenodd\" viewbox=\"0 0 512.02 319.26\"><path d=\"M5.9 48.96 48.97 5.89c7.86-7.86 20.73-7.84 28.56 0l178.48 178.48L434.5 5.89c7.86-7.86 20.74-7.82 28.56 0l43.07 43.07c7.83 7.84 7.83 20.72 0 28.56l-192.41 192.4-.36.37-43.07 43.07c-7.83 7.82-20.7 7.86-28.56 0l-43.07-43.07-.36-.37L5.9 77.52c-7.87-7.86-7.87-20.7 0-28.56z\"><\/path><\/svg>\t\t\t<\/span>\n\t\t\t\t\t\t\t\t\t<span class=\"elementor-button-text\">Download Spanish<\/span>\n\t\t\t\t\t<\/span>\n\t\t\t\t\t<\/a>\n\t\t\t\t\t\t\t\t<\/div>\n\t\t\t\t<\/div>\n\t\t<div class=\"elementor-element elementor-element-89c6cd3 e-con-full e-flex wpr-particle-no wpr-jarallax-no wpr-parallax-no wpr-sticky-section-no wpr-equal-height-no e-con e-child\" data-id=\"89c6cd3\" data-element_type=\"container\" data-e-type=\"container\">\n\t\t\t\t<div class=\"elementor-element elementor-element-24aa0b6 elementor-widget elementor-widget-image\" data-id=\"24aa0b6\" data-element_type=\"widget\" data-e-type=\"widget\" data-widget_type=\"image.default\">\n\t\t\t\t\t\t\t\t\t\t\t\t\t\t\t<img decoding=\"async\" width=\"960\" height=\"893\" src=\"https:\/\/cegss.org.gt\/wp-content\/uploads\/2026\/04\/Barrio-El-Centro-1024x952.png\" class=\"attachment-large size-large wp-image-3768\" alt=\"\" srcset=\"https:\/\/cegss.org.gt\/wp-content\/uploads\/2026\/04\/Barrio-El-Centro-1024x952.png 1024w, https:\/\/cegss.org.gt\/wp-content\/uploads\/2026\/04\/Barrio-El-Centro-300x279.png 300w, https:\/\/cegss.org.gt\/wp-content\/uploads\/2026\/04\/Barrio-El-Centro-768x714.png 768w, https:\/\/cegss.org.gt\/wp-content\/uploads\/2026\/04\/Barrio-El-Centro-13x12.png 13w, https:\/\/cegss.org.gt\/wp-content\/uploads\/2026\/04\/Barrio-El-Centro.png 1275w\" sizes=\"(max-width: 960px) 100vw, 960px\" \/>\t\t\t\t\t\t\t\t\t\t\t\t\t\t\t<\/div>\n\t\t\t\t<div class=\"elementor-element elementor-element-b84b3cc elementor-widget elementor-widget-text-editor\" data-id=\"b84b3cc\" data-element_type=\"widget\" data-e-type=\"widget\" data-widget_type=\"text-editor.default\">\n\t\t\t\t\t\t\t\t\t<p>Barrio El Centro<\/p>\t\t\t\t\t\t\t\t<\/div>\n\t\t\t\t<div class=\"elementor-element elementor-element-34c2c99 elementor-align-justify elementor-widget elementor-widget-button\" data-id=\"34c2c99\" data-element_type=\"widget\" data-e-type=\"widget\" data-widget_type=\"button.default\">\n\t\t\t\t\t\t\t\t\t\t<a class=\"elementor-button elementor-button-link elementor-size-sm\" href=\"\/wp-content\/uploads\/2026\/04\/Barrio-El-Centro.pdf\" target=\"_blank\">\n\t\t\t\t\t\t<span class=\"elementor-button-content-wrapper\">\n\t\t\t\t\t\t<span class=\"elementor-button-icon\">\n\t\t\t\t<svg xmlns=\"http:\/\/www.w3.org\/2000\/svg\" shape-rendering=\"geometricPrecision\" text-rendering=\"geometricPrecision\" image-rendering=\"optimizeQuality\" fill-rule=\"evenodd\" clip-rule=\"evenodd\" viewbox=\"0 0 512.02 319.26\"><path d=\"M5.9 48.96 48.97 5.89c7.86-7.86 20.73-7.84 28.56 0l178.48 178.48L434.5 5.89c7.86-7.86 20.74-7.82 28.56 0l43.07 43.07c7.83 7.84 7.83 20.72 0 28.56l-192.41 192.4-.36.37-43.07 43.07c-7.83 7.82-20.7 7.86-28.56 0l-43.07-43.07-.36-.37L5.9 77.52c-7.87-7.86-7.87-20.7 0-28.56z\"><\/path><\/svg>\t\t\t<\/span>\n\t\t\t\t\t\t\t\t\t<span class=\"elementor-button-text\">Download Spanish<\/span>\n\t\t\t\t\t<\/span>\n\t\t\t\t\t<\/a>\n\t\t\t\t\t\t\t\t<\/div>\n\t\t\t\t<\/div>\n\t\t<div class=\"elementor-element elementor-element-ba487eb e-con-full e-flex wpr-particle-no wpr-jarallax-no wpr-parallax-no wpr-sticky-section-no wpr-equal-height-no e-con e-child\" data-id=\"ba487eb\" data-element_type=\"container\" data-e-type=\"container\">\n\t\t\t\t<div class=\"elementor-element elementor-element-a252611 elementor-widget elementor-widget-image\" data-id=\"a252611\" data-element_type=\"widget\" data-e-type=\"widget\" data-widget_type=\"image.default\">\n\t\t\t\t\t\t\t\t\t\t\t\t\t\t\t<img decoding=\"async\" width=\"960\" height=\"893\" src=\"https:\/\/cegss.org.gt\/wp-content\/uploads\/2026\/04\/Barrio-Las-Palmas-2024-1-1024x952.png\" class=\"attachment-large size-large wp-image-3767\" alt=\"\" srcset=\"https:\/\/cegss.org.gt\/wp-content\/uploads\/2026\/04\/Barrio-Las-Palmas-2024-1-1024x952.png 1024w, https:\/\/cegss.org.gt\/wp-content\/uploads\/2026\/04\/Barrio-Las-Palmas-2024-1-300x279.png 300w, https:\/\/cegss.org.gt\/wp-content\/uploads\/2026\/04\/Barrio-Las-Palmas-2024-1-768x714.png 768w, https:\/\/cegss.org.gt\/wp-content\/uploads\/2026\/04\/Barrio-Las-Palmas-2024-1-13x12.png 13w, https:\/\/cegss.org.gt\/wp-content\/uploads\/2026\/04\/Barrio-Las-Palmas-2024-1.png 1275w\" sizes=\"(max-width: 960px) 100vw, 960px\" \/>\t\t\t\t\t\t\t\t\t\t\t\t\t\t\t<\/div>\n\t\t\t\t<div class=\"elementor-element elementor-element-1dfeae2 elementor-widget elementor-widget-text-editor\" data-id=\"1dfeae2\" data-element_type=\"widget\" data-e-type=\"widget\" data-widget_type=\"text-editor.default\">\n\t\t\t\t\t\t\t\t\t<p>Barrio Las Palmas 2024-1<\/p>\t\t\t\t\t\t\t\t<\/div>\n\t\t\t\t<div class=\"elementor-element elementor-element-20e9564 elementor-align-justify elementor-widget elementor-widget-button\" data-id=\"20e9564\" data-element_type=\"widget\" data-e-type=\"widget\" data-widget_type=\"button.default\">\n\t\t\t\t\t\t\t\t\t\t<a class=\"elementor-button elementor-button-link elementor-size-sm\" href=\"\/wp-content\/uploads\/2026\/04\/Barrio-Las-Palmas-2024-1.pdf\" target=\"_blank\">\n\t\t\t\t\t\t<span class=\"elementor-button-content-wrapper\">\n\t\t\t\t\t\t<span class=\"elementor-button-icon\">\n\t\t\t\t<svg xmlns=\"http:\/\/www.w3.org\/2000\/svg\" shape-rendering=\"geometricPrecision\" text-rendering=\"geometricPrecision\" image-rendering=\"optimizeQuality\" fill-rule=\"evenodd\" clip-rule=\"evenodd\" viewbox=\"0 0 512.02 319.26\"><path d=\"M5.9 48.96 48.97 5.89c7.86-7.86 20.73-7.84 28.56 0l178.48 178.48L434.5 5.89c7.86-7.86 20.74-7.82 28.56 0l43.07 43.07c7.83 7.84 7.83 20.72 0 28.56l-192.41 192.4-.36.37-43.07 43.07c-7.83 7.82-20.7 7.86-28.56 0l-43.07-43.07-.36-.37L5.9 77.52c-7.87-7.86-7.87-20.7 0-28.56z\"><\/path><\/svg>\t\t\t<\/span>\n\t\t\t\t\t\t\t\t\t<span class=\"elementor-button-text\">Download Spanish<\/span>\n\t\t\t\t\t<\/span>\n\t\t\t\t\t<\/a>\n\t\t\t\t\t\t\t\t<\/div>\n\t\t\t\t<\/div>\n\t\t<div class=\"elementor-element elementor-element-4982749 e-con-full e-flex wpr-particle-no wpr-jarallax-no wpr-parallax-no wpr-sticky-section-no wpr-equal-height-no e-con e-child\" data-id=\"4982749\" data-element_type=\"container\" data-e-type=\"container\">\n\t\t\t\t<div class=\"elementor-element elementor-element-96b34b4 elementor-widget elementor-widget-image\" data-id=\"96b34b4\" data-element_type=\"widget\" data-e-type=\"widget\" data-widget_type=\"image.default\">\n\t\t\t\t\t\t\t\t\t\t\t\t\t\t\t<img loading=\"lazy\" decoding=\"async\" width=\"960\" height=\"893\" src=\"https:\/\/cegss.org.gt\/wp-content\/uploads\/2026\/04\/Caserio-Cantiha-1024x952.png\" class=\"attachment-large size-large wp-image-3766\" alt=\"\" srcset=\"https:\/\/cegss.org.gt\/wp-content\/uploads\/2026\/04\/Caserio-Cantiha-1024x952.png 1024w, https:\/\/cegss.org.gt\/wp-content\/uploads\/2026\/04\/Caserio-Cantiha-300x279.png 300w, https:\/\/cegss.org.gt\/wp-content\/uploads\/2026\/04\/Caserio-Cantiha-768x714.png 768w, https:\/\/cegss.org.gt\/wp-content\/uploads\/2026\/04\/Caserio-Cantiha-13x12.png 13w, https:\/\/cegss.org.gt\/wp-content\/uploads\/2026\/04\/Caserio-Cantiha.png 1275w\" sizes=\"(max-width: 960px) 100vw, 960px\" \/>\t\t\t\t\t\t\t\t\t\t\t\t\t\t\t<\/div>\n\t\t\t\t<div class=\"elementor-element elementor-element-3b70824 elementor-widget elementor-widget-text-editor\" data-id=\"3b70824\" data-element_type=\"widget\" data-e-type=\"widget\" data-widget_type=\"text-editor.default\">\n\t\t\t\t\t\t\t\t\t<p>Caseri\u0301o Cantiha<\/p>\t\t\t\t\t\t\t\t<\/div>\n\t\t\t\t<div class=\"elementor-element elementor-element-eb149d9 elementor-align-justify elementor-widget elementor-widget-button\" data-id=\"eb149d9\" data-element_type=\"widget\" data-e-type=\"widget\" data-widget_type=\"button.default\">\n\t\t\t\t\t\t\t\t\t\t<a class=\"elementor-button elementor-button-link elementor-size-sm\" href=\"\/wp-content\/uploads\/2026\/04\/Caserio-Cantiha.pdf\" target=\"_blank\">\n\t\t\t\t\t\t<span class=\"elementor-button-content-wrapper\">\n\t\t\t\t\t\t<span class=\"elementor-button-icon\">\n\t\t\t\t<svg xmlns=\"http:\/\/www.w3.org\/2000\/svg\" shape-rendering=\"geometricPrecision\" text-rendering=\"geometricPrecision\" image-rendering=\"optimizeQuality\" fill-rule=\"evenodd\" clip-rule=\"evenodd\" viewbox=\"0 0 512.02 319.26\"><path d=\"M5.9 48.96 48.97 5.89c7.86-7.86 20.73-7.84 28.56 0l178.48 178.48L434.5 5.89c7.86-7.86 20.74-7.82 28.56 0l43.07 43.07c7.83 7.84 7.83 20.72 0 28.56l-192.41 192.4-.36.37-43.07 43.07c-7.83 7.82-20.7 7.86-28.56 0l-43.07-43.07-.36-.37L5.9 77.52c-7.87-7.86-7.87-20.7 0-28.56z\"><\/path><\/svg>\t\t\t<\/span>\n\t\t\t\t\t\t\t\t\t<span class=\"elementor-button-text\">Download Spanish<\/span>\n\t\t\t\t\t<\/span>\n\t\t\t\t\t<\/a>\n\t\t\t\t\t\t\t\t<\/div>\n\t\t\t\t<\/div>\n\t\t\t\t\t<\/div>\n\t\t\t\t<\/div>\n\t\t<div class=\"elementor-element elementor-element-485bb4a e-flex e-con-boxed wpr-particle-no wpr-jarallax-no wpr-parallax-no wpr-sticky-section-no wpr-equal-height-no e-con e-parent\" data-id=\"485bb4a\" data-element_type=\"container\" data-e-type=\"container\">\n\t\t\t\t\t<div class=\"e-con-inner\">\n\t\t<div class=\"elementor-element elementor-element-5a44f6a e-con-full e-flex wpr-particle-no wpr-jarallax-no wpr-parallax-no wpr-sticky-section-no wpr-equal-height-no e-con e-child\" data-id=\"5a44f6a\" data-element_type=\"container\" data-e-type=\"container\">\n\t\t\t\t<div class=\"elementor-element elementor-element-d526bb8 elementor-widget elementor-widget-image\" data-id=\"d526bb8\" data-element_type=\"widget\" data-e-type=\"widget\" data-widget_type=\"image.default\">\n\t\t\t\t\t\t\t\t\t\t\t\t\t\t\t<img loading=\"lazy\" decoding=\"async\" width=\"960\" height=\"893\" src=\"https:\/\/cegss.org.gt\/wp-content\/uploads\/2026\/04\/Diagnostico-3-Barrios-1024x952.png\" class=\"attachment-large size-large wp-image-3765\" alt=\"\" srcset=\"https:\/\/cegss.org.gt\/wp-content\/uploads\/2026\/04\/Diagnostico-3-Barrios-1024x952.png 1024w, https:\/\/cegss.org.gt\/wp-content\/uploads\/2026\/04\/Diagnostico-3-Barrios-300x279.png 300w, https:\/\/cegss.org.gt\/wp-content\/uploads\/2026\/04\/Diagnostico-3-Barrios-768x714.png 768w, https:\/\/cegss.org.gt\/wp-content\/uploads\/2026\/04\/Diagnostico-3-Barrios-13x12.png 13w, https:\/\/cegss.org.gt\/wp-content\/uploads\/2026\/04\/Diagnostico-3-Barrios.png 1275w\" sizes=\"(max-width: 960px) 100vw, 960px\" \/>\t\t\t\t\t\t\t\t\t\t\t\t\t\t\t<\/div>\n\t\t\t\t<div class=\"elementor-element elementor-element-8607363 elementor-widget elementor-widget-text-editor\" data-id=\"8607363\" data-element_type=\"widget\" data-e-type=\"widget\" data-widget_type=\"text-editor.default\">\n\t\t\t\t\t\t\t\t\t<p>Diagno\u0301stico- 3 Barrios<\/p>\t\t\t\t\t\t\t\t<\/div>\n\t\t\t\t<div class=\"elementor-element elementor-element-2ef38b1 elementor-align-justify elementor-widget elementor-widget-button\" data-id=\"2ef38b1\" data-element_type=\"widget\" data-e-type=\"widget\" data-widget_type=\"button.default\">\n\t\t\t\t\t\t\t\t\t\t<a class=\"elementor-button elementor-button-link elementor-size-sm\" href=\"\/wp-content\/uploads\/2026\/04\/Diagnostico-3-Barrios.pdf\" target=\"_blank\">\n\t\t\t\t\t\t<span class=\"elementor-button-content-wrapper\">\n\t\t\t\t\t\t<span class=\"elementor-button-icon\">\n\t\t\t\t<svg xmlns=\"http:\/\/www.w3.org\/2000\/svg\" shape-rendering=\"geometricPrecision\" text-rendering=\"geometricPrecision\" image-rendering=\"optimizeQuality\" fill-rule=\"evenodd\" clip-rule=\"evenodd\" viewbox=\"0 0 512.02 319.26\"><path d=\"M5.9 48.96 48.97 5.89c7.86-7.86 20.73-7.84 28.56 0l178.48 178.48L434.5 5.89c7.86-7.86 20.74-7.82 28.56 0l43.07 43.07c7.83 7.84 7.83 20.72 0 28.56l-192.41 192.4-.36.37-43.07 43.07c-7.83 7.82-20.7 7.86-28.56 0l-43.07-43.07-.36-.37L5.9 77.52c-7.87-7.86-7.87-20.7 0-28.56z\"><\/path><\/svg>\t\t\t<\/span>\n\t\t\t\t\t\t\t\t\t<span class=\"elementor-button-text\">Download Spanish<\/span>\n\t\t\t\t\t<\/span>\n\t\t\t\t\t<\/a>\n\t\t\t\t\t\t\t\t<\/div>\n\t\t\t\t<\/div>\n\t\t<div class=\"elementor-element elementor-element-3f96212 e-con-full e-flex wpr-particle-no wpr-jarallax-no wpr-parallax-no wpr-sticky-section-no wpr-equal-height-no e-con e-child\" data-id=\"3f96212\" data-element_type=\"container\" data-e-type=\"container\">\n\t\t\t\t<div class=\"elementor-element elementor-element-0f8089f elementor-widget elementor-widget-image\" data-id=\"0f8089f\" data-element_type=\"widget\" data-e-type=\"widget\" data-widget_type=\"image.default\">\n\t\t\t\t\t\t\t\t\t\t\t\t\t\t\t<img loading=\"lazy\" decoding=\"async\" width=\"960\" height=\"893\" src=\"https:\/\/cegss.org.gt\/wp-content\/uploads\/2026\/04\/Diagnostico-PANLA-II-Y-KANTIHA-1024x952.png\" class=\"attachment-large size-large wp-image-3764\" alt=\"\" srcset=\"https:\/\/cegss.org.gt\/wp-content\/uploads\/2026\/04\/Diagnostico-PANLA-II-Y-KANTIHA-1024x952.png 1024w, https:\/\/cegss.org.gt\/wp-content\/uploads\/2026\/04\/Diagnostico-PANLA-II-Y-KANTIHA-300x279.png 300w, https:\/\/cegss.org.gt\/wp-content\/uploads\/2026\/04\/Diagnostico-PANLA-II-Y-KANTIHA-768x714.png 768w, https:\/\/cegss.org.gt\/wp-content\/uploads\/2026\/04\/Diagnostico-PANLA-II-Y-KANTIHA-13x12.png 13w, https:\/\/cegss.org.gt\/wp-content\/uploads\/2026\/04\/Diagnostico-PANLA-II-Y-KANTIHA.png 1275w\" sizes=\"(max-width: 960px) 100vw, 960px\" \/>\t\t\t\t\t\t\t\t\t\t\t\t\t\t\t<\/div>\n\t\t\t\t<div class=\"elementor-element elementor-element-2e334cb elementor-widget elementor-widget-text-editor\" data-id=\"2e334cb\" data-element_type=\"widget\" data-e-type=\"widget\" data-widget_type=\"text-editor.default\">\n\t\t\t\t\t\t\t\t\t<p>Diagno\u0301stico- PANLA\u0301 II Y K\u2019ANTIHA\u2019<\/p>\t\t\t\t\t\t\t\t<\/div>\n\t\t\t\t<div class=\"elementor-element elementor-element-1f6a01f elementor-align-justify elementor-widget elementor-widget-button\" data-id=\"1f6a01f\" data-element_type=\"widget\" data-e-type=\"widget\" data-widget_type=\"button.default\">\n\t\t\t\t\t\t\t\t\t\t<a class=\"elementor-button elementor-button-link elementor-size-sm\" href=\"\/wp-content\/uploads\/2026\/04\/Diagnostico-PANLA-II-Y-KANTIHA.pdf\" target=\"_blank\">\n\t\t\t\t\t\t<span class=\"elementor-button-content-wrapper\">\n\t\t\t\t\t\t<span class=\"elementor-button-icon\">\n\t\t\t\t<svg xmlns=\"http:\/\/www.w3.org\/2000\/svg\" shape-rendering=\"geometricPrecision\" text-rendering=\"geometricPrecision\" image-rendering=\"optimizeQuality\" fill-rule=\"evenodd\" clip-rule=\"evenodd\" viewbox=\"0 0 512.02 319.26\"><path d=\"M5.9 48.96 48.97 5.89c7.86-7.86 20.73-7.84 28.56 0l178.48 178.48L434.5 5.89c7.86-7.86 20.74-7.82 28.56 0l43.07 43.07c7.83 7.84 7.83 20.72 0 28.56l-192.41 192.4-.36.37-43.07 43.07c-7.83 7.82-20.7 7.86-28.56 0l-43.07-43.07-.36-.37L5.9 77.52c-7.87-7.86-7.87-20.7 0-28.56z\"><\/path><\/svg>\t\t\t<\/span>\n\t\t\t\t\t\t\t\t\t<span class=\"elementor-button-text\">Download Spanish<\/span>\n\t\t\t\t\t<\/span>\n\t\t\t\t\t<\/a>\n\t\t\t\t\t\t\t\t<\/div>\n\t\t\t\t<\/div>\n\t\t<div class=\"elementor-element elementor-element-f82ab76 e-con-full e-flex wpr-particle-no wpr-jarallax-no wpr-parallax-no wpr-sticky-section-no wpr-equal-height-no e-con e-child\" data-id=\"f82ab76\" data-element_type=\"container\" data-e-type=\"container\">\n\t\t\t\t<div class=\"elementor-element elementor-element-15162d3 elementor-widget elementor-widget-image\" data-id=\"15162d3\" data-element_type=\"widget\" data-e-type=\"widget\" data-widget_type=\"image.default\">\n\t\t\t\t\t\t\t\t\t\t\t\t\t\t\t<img loading=\"lazy\" decoding=\"async\" width=\"960\" height=\"893\" src=\"https:\/\/cegss.org.gt\/wp-content\/uploads\/2026\/04\/Panla-II-1024x952.png\" class=\"attachment-large size-large wp-image-3763\" alt=\"\" srcset=\"https:\/\/cegss.org.gt\/wp-content\/uploads\/2026\/04\/Panla-II-1024x952.png 1024w, https:\/\/cegss.org.gt\/wp-content\/uploads\/2026\/04\/Panla-II-300x279.png 300w, https:\/\/cegss.org.gt\/wp-content\/uploads\/2026\/04\/Panla-II-768x714.png 768w, https:\/\/cegss.org.gt\/wp-content\/uploads\/2026\/04\/Panla-II-13x12.png 13w, https:\/\/cegss.org.gt\/wp-content\/uploads\/2026\/04\/Panla-II.png 1275w\" sizes=\"(max-width: 960px) 100vw, 960px\" \/>\t\t\t\t\t\t\t\t\t\t\t\t\t\t\t<\/div>\n\t\t\t\t<div class=\"elementor-element elementor-element-975beae elementor-widget elementor-widget-text-editor\" data-id=\"975beae\" data-element_type=\"widget\" data-e-type=\"widget\" data-widget_type=\"text-editor.default\">\n\t\t\t\t\t\t\t\t\t<p>PANLA\u0301 II<\/p>\t\t\t\t\t\t\t\t<\/div>\n\t\t\t\t<div class=\"elementor-element elementor-element-5b7d56c elementor-align-justify elementor-widget elementor-widget-button\" data-id=\"5b7d56c\" data-element_type=\"widget\" data-e-type=\"widget\" data-widget_type=\"button.default\">\n\t\t\t\t\t\t\t\t\t\t<a class=\"elementor-button elementor-button-link elementor-size-sm\" href=\"\/wp-content\/uploads\/2026\/04\/Panla-II.pdf\" target=\"_blank\">\n\t\t\t\t\t\t<span class=\"elementor-button-content-wrapper\">\n\t\t\t\t\t\t<span class=\"elementor-button-icon\">\n\t\t\t\t<svg xmlns=\"http:\/\/www.w3.org\/2000\/svg\" shape-rendering=\"geometricPrecision\" text-rendering=\"geometricPrecision\" image-rendering=\"optimizeQuality\" fill-rule=\"evenodd\" clip-rule=\"evenodd\" viewbox=\"0 0 512.02 319.26\"><path d=\"M5.9 48.96 48.97 5.89c7.86-7.86 20.73-7.84 28.56 0l178.48 178.48L434.5 5.89c7.86-7.86 20.74-7.82 28.56 0l43.07 43.07c7.83 7.84 7.83 20.72 0 28.56l-192.41 192.4-.36.37-43.07 43.07c-7.83 7.82-20.7 7.86-28.56 0l-43.07-43.07-.36-.37L5.9 77.52c-7.87-7.86-7.87-20.7 0-28.56z\"><\/path><\/svg>\t\t\t<\/span>\n\t\t\t\t\t\t\t\t\t<span class=\"elementor-button-text\">Download Spanish<\/span>\n\t\t\t\t\t<\/span>\n\t\t\t\t\t<\/a>\n\t\t\t\t\t\t\t\t<\/div>\n\t\t\t\t<\/div>\n\t\t\t\t\t<\/div>\n\t\t\t\t<\/div>\n\t\t\t\t<\/div>","protected":false},"excerpt":{"rendered":"<p>Diagn\u00f3sticos Comunitarios Municipios CEGSS \/ SANTA CATALINA LA TINTA Santa Catalina la Tinta Barrio Campo Nuevo Descargar espa\u00f1ol Barrio El Centro Descargar espa\u00f1ol Barrio Las Palmas 2024-1 Descargar espa\u00f1ol Caseri\u0301o Cantiha Descargar espa\u00f1ol Diagno\u0301stico- 3 Barrios Descargar espa\u00f1ol Diagno\u0301stico- PANLA\u0301 II Y K\u2019ANTIHA\u2019 Descargar espa\u00f1ol PANLA\u0301 II Descargar espa\u00f1ol<\/p>","protected":false},"author":1,"featured_media":0,"parent":0,"menu_order":0,"comment_status":"closed","ping_status":"closed","template":"","meta":{"footnotes":""},"class_list":["post-3744","page","type-page","status-publish","hentry"],"acf":[],"_links":{"self":[{"href":"https:\/\/cegss.org.gt\/en\/wp-json\/wp\/v2\/pages\/3744","targetHints":{"allow":["GET"]}}],"collection":[{"href":"https:\/\/cegss.org.gt\/en\/wp-json\/wp\/v2\/pages"}],"about":[{"href":"https:\/\/cegss.org.gt\/en\/wp-json\/wp\/v2\/types\/page"}],"author":[{"embeddable":true,"href":"https:\/\/cegss.org.gt\/en\/wp-json\/wp\/v2\/users\/1"}],"replies":[{"embeddable":true,"href":"https:\/\/cegss.org.gt\/en\/wp-json\/wp\/v2\/comments?post=3744"}],"version-history":[{"count":31,"href":"https:\/\/cegss.org.gt\/en\/wp-json\/wp\/v2\/pages\/3744\/revisions"}],"predecessor-version":[{"id":3999,"href":"https:\/\/cegss.org.gt\/en\/wp-json\/wp\/v2\/pages\/3744\/revisions\/3999"}],"wp:attachment":[{"href":"https:\/\/cegss.org.gt\/en\/wp-json\/wp\/v2\/media?parent=3744"}],"curies":[{"name":"wp","href":"https:\/\/api.w.org\/{rel}","templated":true}]}}