{"id":3743,"date":"2026-04-22T17:25:13","date_gmt":"2026-04-22T17:25:13","guid":{"rendered":"https:\/\/cegss.org.gt\/?page_id=3743"},"modified":"2026-04-22T18:20:08","modified_gmt":"2026-04-22T18:20:08","slug":"panzos","status":"publish","type":"page","link":"https:\/\/cegss.org.gt\/en\/panzos\/","title":{"rendered":"PANZOS"},"content":{"rendered":"<div data-elementor-type=\"wp-page\" data-elementor-id=\"3743\" class=\"elementor elementor-3743\">\n\t\t\t\t<div class=\"elementor-element elementor-element-f5aca91 e-flex e-con-boxed wpr-particle-no wpr-jarallax-no wpr-parallax-no wpr-sticky-section-no wpr-equal-height-no e-con e-parent\" data-id=\"f5aca91\" data-element_type=\"container\" data-e-type=\"container\" data-settings=\"{&quot;background_background&quot;:&quot;classic&quot;}\">\n\t\t\t\t\t<div class=\"e-con-inner\">\n\t\t\t\t<div class=\"elementor-element elementor-element-26fb600 elementor-widget elementor-widget-heading\" data-id=\"26fb600\" data-element_type=\"widget\" data-e-type=\"widget\" data-widget_type=\"heading.default\">\n\t\t\t\t\t<h2 class=\"elementor-heading-title elementor-size-default\">Community Diagnostics\nMunicipalities<\/h2>\t\t\t\t<\/div>\n\t\t\t\t<div class=\"elementor-element elementor-element-d558793 elementor-widget elementor-widget-wpr-breadcrumbs-pro\" data-id=\"d558793\" data-element_type=\"widget\" data-e-type=\"widget\" data-widget_type=\"wpr-breadcrumbs-pro.default\">\n\t\t\t\t\t<div class=\"wpr-post-breadcrumbs\"><ul class=\"wpr-breadcrumbs\"><li><a href=\"https:\/\/cegss.org.gt\/en\">CEGSS<\/a><\/li><li>\/<\/li><li>PANZOS<\/li><\/ul><\/div>\t\t\t\t<\/div>\n\t\t\t\t\t<\/div>\n\t\t\t\t<\/div>\n\t\t<div class=\"elementor-element elementor-element-0d3ff09 e-flex e-con-boxed wpr-particle-no wpr-jarallax-no wpr-parallax-no wpr-sticky-section-no wpr-equal-height-no e-con e-parent\" data-id=\"0d3ff09\" data-element_type=\"container\" data-e-type=\"container\">\n\t\t\t\t\t<div class=\"e-con-inner\">\n\t\t<div class=\"elementor-element elementor-element-202e4cf e-con-full e-flex wpr-particle-no wpr-jarallax-no wpr-parallax-no wpr-sticky-section-no wpr-equal-height-no e-con e-child\" data-id=\"202e4cf\" data-element_type=\"container\" data-e-type=\"container\">\n\t\t\t\t<div class=\"elementor-element elementor-element-af58fd4 elementor-widget-divider--view-line elementor-widget elementor-widget-divider\" data-id=\"af58fd4\" data-element_type=\"widget\" data-e-type=\"widget\" data-widget_type=\"divider.default\">\n\t\t\t\t\t\t\t<div class=\"elementor-divider\">\n\t\t\t<span class=\"elementor-divider-separator\">\n\t\t\t\t\t\t<\/span>\n\t\t<\/div>\n\t\t\t\t\t\t<\/div>\n\t\t\t\t<div class=\"elementor-element elementor-element-f1c82dc elementor-widget elementor-widget-heading\" data-id=\"f1c82dc\" data-element_type=\"widget\" data-e-type=\"widget\" data-widget_type=\"heading.default\">\n\t\t\t\t\t<h2 class=\"elementor-heading-title elementor-size-default\"><span style=\"font-weight: 400\">Panz\u00f3s<\/span><\/h2>\t\t\t\t<\/div>\n\t\t\t\t<div class=\"elementor-element elementor-element-64e7af7 elementor-widget-divider--view-line elementor-widget elementor-widget-divider\" data-id=\"64e7af7\" data-element_type=\"widget\" data-e-type=\"widget\" data-widget_type=\"divider.default\">\n\t\t\t\t\t\t\t<div class=\"elementor-divider\">\n\t\t\t<span class=\"elementor-divider-separator\">\n\t\t\t\t\t\t<\/span>\n\t\t<\/div>\n\t\t\t\t\t\t<\/div>\n\t\t\t\t<\/div>\n\t\t\t\t\t<\/div>\n\t\t\t\t<\/div>\n\t\t<div class=\"elementor-element elementor-element-091b937 e-flex e-con-boxed wpr-particle-no wpr-jarallax-no wpr-parallax-no wpr-sticky-section-no wpr-equal-height-no e-con e-parent\" data-id=\"091b937\" data-element_type=\"container\" data-e-type=\"container\">\n\t\t\t\t\t<div class=\"e-con-inner\">\n\t\t<div class=\"elementor-element elementor-element-b08bd1d e-con-full e-flex wpr-particle-no wpr-jarallax-no wpr-parallax-no wpr-sticky-section-no wpr-equal-height-no e-con e-child\" data-id=\"b08bd1d\" data-element_type=\"container\" data-e-type=\"container\">\n\t\t\t\t<div class=\"elementor-element elementor-element-c5becac elementor-widget elementor-widget-image\" data-id=\"c5becac\" data-element_type=\"widget\" data-e-type=\"widget\" data-widget_type=\"image.default\">\n\t\t\t\t\t\t\t\t\t\t\t\t\t\t\t<img fetchpriority=\"high\" decoding=\"async\" width=\"791\" height=\"1024\" src=\"https:\/\/cegss.org.gt\/wp-content\/uploads\/2026\/04\/Diagnostico-Parcelamiento-Pueblo-Nuevo-1-791x1024.png\" class=\"attachment-large size-large wp-image-3783\" alt=\"\" srcset=\"https:\/\/cegss.org.gt\/wp-content\/uploads\/2026\/04\/Diagnostico-Parcelamiento-Pueblo-Nuevo-1-791x1024.png 791w, https:\/\/cegss.org.gt\/wp-content\/uploads\/2026\/04\/Diagnostico-Parcelamiento-Pueblo-Nuevo-1-232x300.png 232w, https:\/\/cegss.org.gt\/wp-content\/uploads\/2026\/04\/Diagnostico-Parcelamiento-Pueblo-Nuevo-1-768x994.png 768w, https:\/\/cegss.org.gt\/wp-content\/uploads\/2026\/04\/Diagnostico-Parcelamiento-Pueblo-Nuevo-1-1187x1536.png 1187w, https:\/\/cegss.org.gt\/wp-content\/uploads\/2026\/04\/Diagnostico-Parcelamiento-Pueblo-Nuevo-1-1583x2048.png 1583w, https:\/\/cegss.org.gt\/wp-content\/uploads\/2026\/04\/Diagnostico-Parcelamiento-Pueblo-Nuevo-1-9x12.png 9w, https:\/\/cegss.org.gt\/wp-content\/uploads\/2026\/04\/Diagnostico-Parcelamiento-Pueblo-Nuevo-1-scaled.png 1978w\" sizes=\"(max-width: 791px) 100vw, 791px\" \/>\t\t\t\t\t\t\t\t\t\t\t\t\t\t\t<\/div>\n\t\t\t\t<div class=\"elementor-element elementor-element-b65cf53 elementor-widget elementor-widget-text-editor\" data-id=\"b65cf53\" data-element_type=\"widget\" data-e-type=\"widget\" data-widget_type=\"text-editor.default\">\n\t\t\t\t\t\t\t\t\t<p>Diagno\u0301stico- Parcelamiento Pueblo Nuevo<\/p>\t\t\t\t\t\t\t\t<\/div>\n\t\t\t\t<div class=\"elementor-element elementor-element-844255d elementor-align-justify elementor-widget elementor-widget-button\" data-id=\"844255d\" data-element_type=\"widget\" data-e-type=\"widget\" data-widget_type=\"button.default\">\n\t\t\t\t\t\t\t\t\t\t<a class=\"elementor-button elementor-button-link elementor-size-sm\" href=\"\/wp-content\/uploads\/2026\/04\/Diagnostico-Parcelamiento-Pueblo-Nuevo.pdf\" target=\"_blank\">\n\t\t\t\t\t\t<span class=\"elementor-button-content-wrapper\">\n\t\t\t\t\t\t<span class=\"elementor-button-icon\">\n\t\t\t\t<svg xmlns=\"http:\/\/www.w3.org\/2000\/svg\" shape-rendering=\"geometricPrecision\" text-rendering=\"geometricPrecision\" image-rendering=\"optimizeQuality\" fill-rule=\"evenodd\" clip-rule=\"evenodd\" viewbox=\"0 0 512.02 319.26\"><path d=\"M5.9 48.96 48.97 5.89c7.86-7.86 20.73-7.84 28.56 0l178.48 178.48L434.5 5.89c7.86-7.86 20.74-7.82 28.56 0l43.07 43.07c7.83 7.84 7.83 20.72 0 28.56l-192.41 192.4-.36.37-43.07 43.07c-7.83 7.82-20.7 7.86-28.56 0l-43.07-43.07-.36-.37L5.9 77.52c-7.87-7.86-7.87-20.7 0-28.56z\"><\/path><\/svg>\t\t\t<\/span>\n\t\t\t\t\t\t\t\t\t<span class=\"elementor-button-text\">Download Spanish<\/span>\n\t\t\t\t\t<\/span>\n\t\t\t\t\t<\/a>\n\t\t\t\t\t\t\t\t<\/div>\n\t\t\t\t<\/div>\n\t\t<div class=\"elementor-element elementor-element-e78e15b e-con-full e-flex wpr-particle-no wpr-jarallax-no wpr-parallax-no wpr-sticky-section-no wpr-equal-height-no e-con e-child\" data-id=\"e78e15b\" data-element_type=\"container\" data-e-type=\"container\">\n\t\t\t\t<div class=\"elementor-element elementor-element-abbefb5 elementor-widget elementor-widget-image\" data-id=\"abbefb5\" data-element_type=\"widget\" data-e-type=\"widget\" data-widget_type=\"image.default\">\n\t\t\t\t\t\t\t\t\t\t\t\t\t\t\t<img decoding=\"async\" width=\"791\" height=\"1024\" src=\"https:\/\/cegss.org.gt\/wp-content\/uploads\/2026\/04\/Diagnostico-San-Vicente-I-791x1024.png\" class=\"attachment-large size-large wp-image-3782\" alt=\"\" srcset=\"https:\/\/cegss.org.gt\/wp-content\/uploads\/2026\/04\/Diagnostico-San-Vicente-I-791x1024.png 791w, https:\/\/cegss.org.gt\/wp-content\/uploads\/2026\/04\/Diagnostico-San-Vicente-I-232x300.png 232w, https:\/\/cegss.org.gt\/wp-content\/uploads\/2026\/04\/Diagnostico-San-Vicente-I-768x994.png 768w, https:\/\/cegss.org.gt\/wp-content\/uploads\/2026\/04\/Diagnostico-San-Vicente-I-1187x1536.png 1187w, https:\/\/cegss.org.gt\/wp-content\/uploads\/2026\/04\/Diagnostico-San-Vicente-I-1583x2048.png 1583w, https:\/\/cegss.org.gt\/wp-content\/uploads\/2026\/04\/Diagnostico-San-Vicente-I-9x12.png 9w, https:\/\/cegss.org.gt\/wp-content\/uploads\/2026\/04\/Diagnostico-San-Vicente-I-scaled.png 1978w\" sizes=\"(max-width: 791px) 100vw, 791px\" \/>\t\t\t\t\t\t\t\t\t\t\t\t\t\t\t<\/div>\n\t\t\t\t<div class=\"elementor-element elementor-element-574d892 elementor-widget elementor-widget-text-editor\" data-id=\"574d892\" data-element_type=\"widget\" data-e-type=\"widget\" data-widget_type=\"text-editor.default\">\n\t\t\t\t\t\t\t\t\t<p>Diagno\u0301stico- San Vicente I<\/p>\t\t\t\t\t\t\t\t<\/div>\n\t\t\t\t<div class=\"elementor-element elementor-element-7030609 elementor-align-justify elementor-widget elementor-widget-button\" data-id=\"7030609\" data-element_type=\"widget\" data-e-type=\"widget\" data-widget_type=\"button.default\">\n\t\t\t\t\t\t\t\t\t\t<a class=\"elementor-button elementor-button-link elementor-size-sm\" href=\"\/wp-content\/uploads\/2026\/04\/Diagnostico-San-Vicente-I.pdf\" target=\"_blank\">\n\t\t\t\t\t\t<span class=\"elementor-button-content-wrapper\">\n\t\t\t\t\t\t<span class=\"elementor-button-icon\">\n\t\t\t\t<svg xmlns=\"http:\/\/www.w3.org\/2000\/svg\" shape-rendering=\"geometricPrecision\" text-rendering=\"geometricPrecision\" image-rendering=\"optimizeQuality\" fill-rule=\"evenodd\" clip-rule=\"evenodd\" viewbox=\"0 0 512.02 319.26\"><path d=\"M5.9 48.96 48.97 5.89c7.86-7.86 20.73-7.84 28.56 0l178.48 178.48L434.5 5.89c7.86-7.86 20.74-7.82 28.56 0l43.07 43.07c7.83 7.84 7.83 20.72 0 28.56l-192.41 192.4-.36.37-43.07 43.07c-7.83 7.82-20.7 7.86-28.56 0l-43.07-43.07-.36-.37L5.9 77.52c-7.87-7.86-7.87-20.7 0-28.56z\"><\/path><\/svg>\t\t\t<\/span>\n\t\t\t\t\t\t\t\t\t<span class=\"elementor-button-text\">Download Spanish<\/span>\n\t\t\t\t\t<\/span>\n\t\t\t\t\t<\/a>\n\t\t\t\t\t\t\t\t<\/div>\n\t\t\t\t<\/div>\n\t\t<div class=\"elementor-element elementor-element-8e22eb1 e-con-full e-flex wpr-particle-no wpr-jarallax-no wpr-parallax-no wpr-sticky-section-no wpr-equal-height-no e-con e-child\" data-id=\"8e22eb1\" data-element_type=\"container\" data-e-type=\"container\">\n\t\t\t\t<div class=\"elementor-element elementor-element-4de1695 elementor-widget elementor-widget-image\" data-id=\"4de1695\" data-element_type=\"widget\" data-e-type=\"widget\" data-widget_type=\"image.default\">\n\t\t\t\t\t\t\t\t\t\t\t\t\t\t\t<img decoding=\"async\" width=\"791\" height=\"1024\" src=\"https:\/\/cegss.org.gt\/wp-content\/uploads\/2026\/04\/Parcelamiento-Pueblo-Nuevo-791x1024.png\" class=\"attachment-large size-large wp-image-3781\" alt=\"\" srcset=\"https:\/\/cegss.org.gt\/wp-content\/uploads\/2026\/04\/Parcelamiento-Pueblo-Nuevo-791x1024.png 791w, https:\/\/cegss.org.gt\/wp-content\/uploads\/2026\/04\/Parcelamiento-Pueblo-Nuevo-232x300.png 232w, https:\/\/cegss.org.gt\/wp-content\/uploads\/2026\/04\/Parcelamiento-Pueblo-Nuevo-768x994.png 768w, https:\/\/cegss.org.gt\/wp-content\/uploads\/2026\/04\/Parcelamiento-Pueblo-Nuevo-1187x1536.png 1187w, https:\/\/cegss.org.gt\/wp-content\/uploads\/2026\/04\/Parcelamiento-Pueblo-Nuevo-1583x2048.png 1583w, https:\/\/cegss.org.gt\/wp-content\/uploads\/2026\/04\/Parcelamiento-Pueblo-Nuevo-9x12.png 9w, https:\/\/cegss.org.gt\/wp-content\/uploads\/2026\/04\/Parcelamiento-Pueblo-Nuevo-scaled.png 1978w\" sizes=\"(max-width: 791px) 100vw, 791px\" \/>\t\t\t\t\t\t\t\t\t\t\t\t\t\t\t<\/div>\n\t\t\t\t<div class=\"elementor-element elementor-element-80ffd77 elementor-widget elementor-widget-text-editor\" data-id=\"80ffd77\" data-element_type=\"widget\" data-e-type=\"widget\" data-widget_type=\"text-editor.default\">\n\t\t\t\t\t\t\t\t\t<p>Parcelamiento Pueblo Nuevo<\/p>\t\t\t\t\t\t\t\t<\/div>\n\t\t\t\t<div class=\"elementor-element elementor-element-82355f5 elementor-align-justify elementor-widget elementor-widget-button\" data-id=\"82355f5\" data-element_type=\"widget\" data-e-type=\"widget\" data-widget_type=\"button.default\">\n\t\t\t\t\t\t\t\t\t\t<a class=\"elementor-button elementor-button-link elementor-size-sm\" href=\"\/wp-content\/uploads\/2026\/04\/Parcelamiento-Pueblo-Nuevo.pdf\" target=\"_blank\">\n\t\t\t\t\t\t<span class=\"elementor-button-content-wrapper\">\n\t\t\t\t\t\t<span class=\"elementor-button-icon\">\n\t\t\t\t<svg xmlns=\"http:\/\/www.w3.org\/2000\/svg\" shape-rendering=\"geometricPrecision\" text-rendering=\"geometricPrecision\" image-rendering=\"optimizeQuality\" fill-rule=\"evenodd\" clip-rule=\"evenodd\" viewbox=\"0 0 512.02 319.26\"><path d=\"M5.9 48.96 48.97 5.89c7.86-7.86 20.73-7.84 28.56 0l178.48 178.48L434.5 5.89c7.86-7.86 20.74-7.82 28.56 0l43.07 43.07c7.83 7.84 7.83 20.72 0 28.56l-192.41 192.4-.36.37-43.07 43.07c-7.83 7.82-20.7 7.86-28.56 0l-43.07-43.07-.36-.37L5.9 77.52c-7.87-7.86-7.87-20.7 0-28.56z\"><\/path><\/svg>\t\t\t<\/span>\n\t\t\t\t\t\t\t\t\t<span class=\"elementor-button-text\">Download Spanish<\/span>\n\t\t\t\t\t<\/span>\n\t\t\t\t\t<\/a>\n\t\t\t\t\t\t\t\t<\/div>\n\t\t\t\t<\/div>\n\t\t<div class=\"elementor-element elementor-element-ad4cd09 e-con-full e-flex wpr-particle-no wpr-jarallax-no wpr-parallax-no wpr-sticky-section-no wpr-equal-height-no e-con e-child\" data-id=\"ad4cd09\" data-element_type=\"container\" data-e-type=\"container\">\n\t\t\t\t<div class=\"elementor-element elementor-element-fff5d79 elementor-widget elementor-widget-image\" data-id=\"fff5d79\" data-element_type=\"widget\" data-e-type=\"widget\" data-widget_type=\"image.default\">\n\t\t\t\t\t\t\t\t\t\t\t\t\t\t\t<img loading=\"lazy\" decoding=\"async\" width=\"791\" height=\"1024\" src=\"https:\/\/cegss.org.gt\/wp-content\/uploads\/2026\/04\/San-Vicente-I-791x1024.png\" class=\"attachment-large size-large wp-image-3780\" alt=\"\" srcset=\"https:\/\/cegss.org.gt\/wp-content\/uploads\/2026\/04\/San-Vicente-I-791x1024.png 791w, https:\/\/cegss.org.gt\/wp-content\/uploads\/2026\/04\/San-Vicente-I-232x300.png 232w, https:\/\/cegss.org.gt\/wp-content\/uploads\/2026\/04\/San-Vicente-I-768x994.png 768w, https:\/\/cegss.org.gt\/wp-content\/uploads\/2026\/04\/San-Vicente-I-1187x1536.png 1187w, https:\/\/cegss.org.gt\/wp-content\/uploads\/2026\/04\/San-Vicente-I-1583x2048.png 1583w, https:\/\/cegss.org.gt\/wp-content\/uploads\/2026\/04\/San-Vicente-I-9x12.png 9w, https:\/\/cegss.org.gt\/wp-content\/uploads\/2026\/04\/San-Vicente-I-scaled.png 1978w\" sizes=\"(max-width: 791px) 100vw, 791px\" \/>\t\t\t\t\t\t\t\t\t\t\t\t\t\t\t<\/div>\n\t\t\t\t<div class=\"elementor-element elementor-element-19560a6 elementor-widget elementor-widget-text-editor\" data-id=\"19560a6\" data-element_type=\"widget\" data-e-type=\"widget\" data-widget_type=\"text-editor.default\">\n\t\t\t\t\t\t\t\t\t<p>San Vicente I<\/p>\t\t\t\t\t\t\t\t<\/div>\n\t\t\t\t<div class=\"elementor-element elementor-element-6a22d71 elementor-align-justify elementor-widget elementor-widget-button\" data-id=\"6a22d71\" data-element_type=\"widget\" data-e-type=\"widget\" data-widget_type=\"button.default\">\n\t\t\t\t\t\t\t\t\t\t<a class=\"elementor-button elementor-button-link elementor-size-sm\" href=\"\/wp-content\/uploads\/2026\/04\/San-Vicente-I.pdf\" target=\"_blank\">\n\t\t\t\t\t\t<span class=\"elementor-button-content-wrapper\">\n\t\t\t\t\t\t<span class=\"elementor-button-icon\">\n\t\t\t\t<svg xmlns=\"http:\/\/www.w3.org\/2000\/svg\" shape-rendering=\"geometricPrecision\" text-rendering=\"geometricPrecision\" image-rendering=\"optimizeQuality\" fill-rule=\"evenodd\" clip-rule=\"evenodd\" viewbox=\"0 0 512.02 319.26\"><path d=\"M5.9 48.96 48.97 5.89c7.86-7.86 20.73-7.84 28.56 0l178.48 178.48L434.5 5.89c7.86-7.86 20.74-7.82 28.56 0l43.07 43.07c7.83 7.84 7.83 20.72 0 28.56l-192.41 192.4-.36.37-43.07 43.07c-7.83 7.82-20.7 7.86-28.56 0l-43.07-43.07-.36-.37L5.9 77.52c-7.87-7.86-7.87-20.7 0-28.56z\"><\/path><\/svg>\t\t\t<\/span>\n\t\t\t\t\t\t\t\t\t<span class=\"elementor-button-text\">Download Spanish<\/span>\n\t\t\t\t\t<\/span>\n\t\t\t\t\t<\/a>\n\t\t\t\t\t\t\t\t<\/div>\n\t\t\t\t<\/div>\n\t\t\t\t\t<\/div>\n\t\t\t\t<\/div>\n\t\t\t\t<\/div>","protected":false},"excerpt":{"rendered":"<p>Diagn\u00f3sticos Comunitarios Municipios CEGSS \/ PANZOS Panz\u00f3s Diagno\u0301stico- Parcelamiento Pueblo Nuevo Descargar espa\u00f1ol Diagno\u0301stico- San Vicente I Descargar espa\u00f1ol Parcelamiento Pueblo Nuevo Descargar espa\u00f1ol San Vicente I Descargar espa\u00f1ol<\/p>","protected":false},"author":1,"featured_media":0,"parent":0,"menu_order":0,"comment_status":"closed","ping_status":"closed","template":"","meta":{"footnotes":""},"class_list":["post-3743","page","type-page","status-publish","hentry"],"acf":[],"_links":{"self":[{"href":"https:\/\/cegss.org.gt\/en\/wp-json\/wp\/v2\/pages\/3743","targetHints":{"allow":["GET"]}}],"collection":[{"href":"https:\/\/cegss.org.gt\/en\/wp-json\/wp\/v2\/pages"}],"about":[{"href":"https:\/\/cegss.org.gt\/en\/wp-json\/wp\/v2\/types\/page"}],"author":[{"embeddable":true,"href":"https:\/\/cegss.org.gt\/en\/wp-json\/wp\/v2\/users\/1"}],"replies":[{"embeddable":true,"href":"https:\/\/cegss.org.gt\/en\/wp-json\/wp\/v2\/comments?post=3743"}],"version-history":[{"count":19,"href":"https:\/\/cegss.org.gt\/en\/wp-json\/wp\/v2\/pages\/3743\/revisions"}],"predecessor-version":[{"id":4008,"href":"https:\/\/cegss.org.gt\/en\/wp-json\/wp\/v2\/pages\/3743\/revisions\/4008"}],"wp:attachment":[{"href":"https:\/\/cegss.org.gt\/en\/wp-json\/wp\/v2\/media?parent=3743"}],"curies":[{"name":"wp","href":"https:\/\/api.w.org\/{rel}","templated":true}]}}