{"id":3742,"date":"2026-04-22T17:15:38","date_gmt":"2026-04-22T17:15:38","guid":{"rendered":"https:\/\/cegss.org.gt\/?page_id=3742"},"modified":"2026-04-22T18:20:05","modified_gmt":"2026-04-22T18:20:05","slug":"coban","status":"publish","type":"page","link":"https:\/\/cegss.org.gt\/en\/coban\/","title":{"rendered":"COBAN"},"content":{"rendered":"<div data-elementor-type=\"wp-page\" data-elementor-id=\"3742\" class=\"elementor elementor-3742\">\n\t\t\t\t<div class=\"elementor-element elementor-element-459145c e-flex e-con-boxed wpr-particle-no wpr-jarallax-no wpr-parallax-no wpr-sticky-section-no wpr-equal-height-no e-con e-parent\" data-id=\"459145c\" data-element_type=\"container\" data-e-type=\"container\" data-settings=\"{&quot;background_background&quot;:&quot;classic&quot;}\">\n\t\t\t\t\t<div class=\"e-con-inner\">\n\t\t\t\t<div class=\"elementor-element elementor-element-9e1ee14 elementor-widget elementor-widget-heading\" data-id=\"9e1ee14\" data-element_type=\"widget\" data-e-type=\"widget\" data-widget_type=\"heading.default\">\n\t\t\t\t\t<h2 class=\"elementor-heading-title elementor-size-default\">Community Diagnostics\nMunicipalities<\/h2>\t\t\t\t<\/div>\n\t\t\t\t<div class=\"elementor-element elementor-element-a10b3f8 elementor-widget elementor-widget-wpr-breadcrumbs-pro\" data-id=\"a10b3f8\" data-element_type=\"widget\" data-e-type=\"widget\" data-widget_type=\"wpr-breadcrumbs-pro.default\">\n\t\t\t\t\t<div class=\"wpr-post-breadcrumbs\"><ul class=\"wpr-breadcrumbs\"><li><a href=\"https:\/\/cegss.org.gt\/en\">CEGSS<\/a><\/li><li>\/<\/li><li>COBAN<\/li><\/ul><\/div>\t\t\t\t<\/div>\n\t\t\t\t\t<\/div>\n\t\t\t\t<\/div>\n\t\t<div class=\"elementor-element elementor-element-b9350b0 e-flex e-con-boxed wpr-particle-no wpr-jarallax-no wpr-parallax-no wpr-sticky-section-no wpr-equal-height-no e-con e-parent\" data-id=\"b9350b0\" data-element_type=\"container\" data-e-type=\"container\">\n\t\t\t\t\t<div class=\"e-con-inner\">\n\t\t<div class=\"elementor-element elementor-element-d0153d2 e-con-full e-flex wpr-particle-no wpr-jarallax-no wpr-parallax-no wpr-sticky-section-no wpr-equal-height-no e-con e-child\" data-id=\"d0153d2\" data-element_type=\"container\" data-e-type=\"container\">\n\t\t\t\t<div class=\"elementor-element elementor-element-3de7867 elementor-widget-divider--view-line elementor-widget elementor-widget-divider\" data-id=\"3de7867\" data-element_type=\"widget\" data-e-type=\"widget\" data-widget_type=\"divider.default\">\n\t\t\t\t\t\t\t<div class=\"elementor-divider\">\n\t\t\t<span class=\"elementor-divider-separator\">\n\t\t\t\t\t\t<\/span>\n\t\t<\/div>\n\t\t\t\t\t\t<\/div>\n\t\t\t\t<div class=\"elementor-element elementor-element-643a4bc elementor-widget elementor-widget-heading\" data-id=\"643a4bc\" data-element_type=\"widget\" data-e-type=\"widget\" data-widget_type=\"heading.default\">\n\t\t\t\t\t<h2 class=\"elementor-heading-title elementor-size-default\"><span style=\"font-weight: 400\">Coban<\/span><\/h2>\t\t\t\t<\/div>\n\t\t\t\t<div class=\"elementor-element elementor-element-2271759 elementor-widget-divider--view-line elementor-widget elementor-widget-divider\" data-id=\"2271759\" data-element_type=\"widget\" data-e-type=\"widget\" data-widget_type=\"divider.default\">\n\t\t\t\t\t\t\t<div class=\"elementor-divider\">\n\t\t\t<span class=\"elementor-divider-separator\">\n\t\t\t\t\t\t<\/span>\n\t\t<\/div>\n\t\t\t\t\t\t<\/div>\n\t\t\t\t<\/div>\n\t\t\t\t\t<\/div>\n\t\t\t\t<\/div>\n\t\t<div class=\"elementor-element elementor-element-197a261 e-flex e-con-boxed wpr-particle-no wpr-jarallax-no wpr-parallax-no wpr-sticky-section-no wpr-equal-height-no e-con e-parent\" data-id=\"197a261\" data-element_type=\"container\" data-e-type=\"container\">\n\t\t\t\t\t<div class=\"e-con-inner\">\n\t\t<div class=\"elementor-element elementor-element-40ebd97 e-con-full e-flex wpr-particle-no wpr-jarallax-no wpr-parallax-no wpr-sticky-section-no wpr-equal-height-no e-con e-child\" data-id=\"40ebd97\" data-element_type=\"container\" data-e-type=\"container\">\n\t\t\t\t<div class=\"elementor-element elementor-element-a6397d0 elementor-widget elementor-widget-image\" data-id=\"a6397d0\" data-element_type=\"widget\" data-e-type=\"widget\" data-widget_type=\"image.default\">\n\t\t\t\t\t\t\t\t\t\t\t\t\t\t\t<img fetchpriority=\"high\" decoding=\"async\" width=\"791\" height=\"1024\" src=\"https:\/\/cegss.org.gt\/wp-content\/uploads\/2026\/04\/Diagnostico-Yalicar-791x1024.png\" class=\"attachment-large size-large wp-image-3791\" alt=\"\" srcset=\"https:\/\/cegss.org.gt\/wp-content\/uploads\/2026\/04\/Diagnostico-Yalicar-791x1024.png 791w, https:\/\/cegss.org.gt\/wp-content\/uploads\/2026\/04\/Diagnostico-Yalicar-232x300.png 232w, https:\/\/cegss.org.gt\/wp-content\/uploads\/2026\/04\/Diagnostico-Yalicar-768x994.png 768w, https:\/\/cegss.org.gt\/wp-content\/uploads\/2026\/04\/Diagnostico-Yalicar-1187x1536.png 1187w, https:\/\/cegss.org.gt\/wp-content\/uploads\/2026\/04\/Diagnostico-Yalicar-1583x2048.png 1583w, https:\/\/cegss.org.gt\/wp-content\/uploads\/2026\/04\/Diagnostico-Yalicar-9x12.png 9w, https:\/\/cegss.org.gt\/wp-content\/uploads\/2026\/04\/Diagnostico-Yalicar-scaled.png 1978w\" sizes=\"(max-width: 791px) 100vw, 791px\" \/>\t\t\t\t\t\t\t\t\t\t\t\t\t\t\t<\/div>\n\t\t\t\t<div class=\"elementor-element elementor-element-da9ead2 elementor-widget elementor-widget-text-editor\" data-id=\"da9ead2\" data-element_type=\"widget\" data-e-type=\"widget\" data-widget_type=\"text-editor.default\">\n\t\t\t\t\t\t\t\t\t<p>Diagnosis- Yalicar<\/p>\t\t\t\t\t\t\t\t<\/div>\n\t\t\t\t<div class=\"elementor-element elementor-element-962238c elementor-align-justify elementor-widget elementor-widget-button\" data-id=\"962238c\" data-element_type=\"widget\" data-e-type=\"widget\" data-widget_type=\"button.default\">\n\t\t\t\t\t\t\t\t\t\t<a class=\"elementor-button elementor-button-link elementor-size-sm\" href=\"\/wp-content\/uploads\/2026\/04\/Diagnostico-Yalicar.pdf\" target=\"_blank\">\n\t\t\t\t\t\t<span class=\"elementor-button-content-wrapper\">\n\t\t\t\t\t\t<span class=\"elementor-button-icon\">\n\t\t\t\t<svg xmlns=\"http:\/\/www.w3.org\/2000\/svg\" shape-rendering=\"geometricPrecision\" text-rendering=\"geometricPrecision\" image-rendering=\"optimizeQuality\" fill-rule=\"evenodd\" clip-rule=\"evenodd\" viewbox=\"0 0 512.02 319.26\"><path d=\"M5.9 48.96 48.97 5.89c7.86-7.86 20.73-7.84 28.56 0l178.48 178.48L434.5 5.89c7.86-7.86 20.74-7.82 28.56 0l43.07 43.07c7.83 7.84 7.83 20.72 0 28.56l-192.41 192.4-.36.37-43.07 43.07c-7.83 7.82-20.7 7.86-28.56 0l-43.07-43.07-.36-.37L5.9 77.52c-7.87-7.86-7.87-20.7 0-28.56z\"><\/path><\/svg>\t\t\t<\/span>\n\t\t\t\t\t\t\t\t\t<span class=\"elementor-button-text\">Download Spanish<\/span>\n\t\t\t\t\t<\/span>\n\t\t\t\t\t<\/a>\n\t\t\t\t\t\t\t\t<\/div>\n\t\t\t\t<\/div>\n\t\t<div class=\"elementor-element elementor-element-ef0acc4 e-con-full e-flex wpr-particle-no wpr-jarallax-no wpr-parallax-no wpr-sticky-section-no wpr-equal-height-no e-con e-child\" data-id=\"ef0acc4\" data-element_type=\"container\" data-e-type=\"container\">\n\t\t\t\t<div class=\"elementor-element elementor-element-d966df0 elementor-widget elementor-widget-image\" data-id=\"d966df0\" data-element_type=\"widget\" data-e-type=\"widget\" data-widget_type=\"image.default\">\n\t\t\t\t\t\t\t\t\t\t\t\t\t\t\t<img decoding=\"async\" width=\"791\" height=\"1024\" src=\"https:\/\/cegss.org.gt\/wp-content\/uploads\/2026\/04\/Yalicar-791x1024.png\" class=\"attachment-large size-large wp-image-3790\" alt=\"\" srcset=\"https:\/\/cegss.org.gt\/wp-content\/uploads\/2026\/04\/Yalicar-791x1024.png 791w, https:\/\/cegss.org.gt\/wp-content\/uploads\/2026\/04\/Yalicar-232x300.png 232w, https:\/\/cegss.org.gt\/wp-content\/uploads\/2026\/04\/Yalicar-768x994.png 768w, https:\/\/cegss.org.gt\/wp-content\/uploads\/2026\/04\/Yalicar-1187x1536.png 1187w, https:\/\/cegss.org.gt\/wp-content\/uploads\/2026\/04\/Yalicar-1583x2048.png 1583w, https:\/\/cegss.org.gt\/wp-content\/uploads\/2026\/04\/Yalicar-9x12.png 9w, https:\/\/cegss.org.gt\/wp-content\/uploads\/2026\/04\/Yalicar-scaled.png 1978w\" sizes=\"(max-width: 791px) 100vw, 791px\" \/>\t\t\t\t\t\t\t\t\t\t\t\t\t\t\t<\/div>\n\t\t\t\t<div class=\"elementor-element elementor-element-93d8bfb elementor-widget elementor-widget-text-editor\" data-id=\"93d8bfb\" data-element_type=\"widget\" data-e-type=\"widget\" data-widget_type=\"text-editor.default\">\n\t\t\t\t\t\t\t\t\t<p>Yalicar<\/p>\t\t\t\t\t\t\t\t<\/div>\n\t\t\t\t<div class=\"elementor-element elementor-element-75c0027 elementor-align-justify elementor-widget elementor-widget-button\" data-id=\"75c0027\" data-element_type=\"widget\" data-e-type=\"widget\" data-widget_type=\"button.default\">\n\t\t\t\t\t\t\t\t\t\t<a class=\"elementor-button elementor-button-link elementor-size-sm\" href=\"\/wp-content\/uploads\/2026\/04\/Yalicar.pdf\" target=\"_blank\">\n\t\t\t\t\t\t<span class=\"elementor-button-content-wrapper\">\n\t\t\t\t\t\t<span class=\"elementor-button-icon\">\n\t\t\t\t<svg xmlns=\"http:\/\/www.w3.org\/2000\/svg\" shape-rendering=\"geometricPrecision\" text-rendering=\"geometricPrecision\" image-rendering=\"optimizeQuality\" fill-rule=\"evenodd\" clip-rule=\"evenodd\" viewbox=\"0 0 512.02 319.26\"><path d=\"M5.9 48.96 48.97 5.89c7.86-7.86 20.73-7.84 28.56 0l178.48 178.48L434.5 5.89c7.86-7.86 20.74-7.82 28.56 0l43.07 43.07c7.83 7.84 7.83 20.72 0 28.56l-192.41 192.4-.36.37-43.07 43.07c-7.83 7.82-20.7 7.86-28.56 0l-43.07-43.07-.36-.37L5.9 77.52c-7.87-7.86-7.87-20.7 0-28.56z\"><\/path><\/svg>\t\t\t<\/span>\n\t\t\t\t\t\t\t\t\t<span class=\"elementor-button-text\">Download Spanish<\/span>\n\t\t\t\t\t<\/span>\n\t\t\t\t\t<\/a>\n\t\t\t\t\t\t\t\t<\/div>\n\t\t\t\t<\/div>\n\t\t\t\t\t<\/div>\n\t\t\t\t<\/div>\n\t\t\t\t<\/div>","protected":false},"excerpt":{"rendered":"<p>Diagn\u00f3sticos Comunitarios Municipios CEGSS \/ COBAN Cob\u00e1n Diagnostico- Yalicar Descargar espa\u00f1ol Yalicar Descargar espa\u00f1ol<\/p>","protected":false},"author":1,"featured_media":0,"parent":0,"menu_order":0,"comment_status":"closed","ping_status":"closed","template":"","meta":{"footnotes":""},"class_list":["post-3742","page","type-page","status-publish","hentry"],"acf":[],"_links":{"self":[{"href":"https:\/\/cegss.org.gt\/en\/wp-json\/wp\/v2\/pages\/3742","targetHints":{"allow":["GET"]}}],"collection":[{"href":"https:\/\/cegss.org.gt\/en\/wp-json\/wp\/v2\/pages"}],"about":[{"href":"https:\/\/cegss.org.gt\/en\/wp-json\/wp\/v2\/types\/page"}],"author":[{"embeddable":true,"href":"https:\/\/cegss.org.gt\/en\/wp-json\/wp\/v2\/users\/1"}],"replies":[{"embeddable":true,"href":"https:\/\/cegss.org.gt\/en\/wp-json\/wp\/v2\/comments?post=3742"}],"version-history":[{"count":19,"href":"https:\/\/cegss.org.gt\/en\/wp-json\/wp\/v2\/pages\/3742\/revisions"}],"predecessor-version":[{"id":4005,"href":"https:\/\/cegss.org.gt\/en\/wp-json\/wp\/v2\/pages\/3742\/revisions\/4005"}],"wp:attachment":[{"href":"https:\/\/cegss.org.gt\/en\/wp-json\/wp\/v2\/media?parent=3742"}],"curies":[{"name":"wp","href":"https:\/\/api.w.org\/{rel}","templated":true}]}}