{"id":3623,"date":"2026-04-22T16:51:41","date_gmt":"2026-04-22T16:51:41","guid":{"rendered":"https:\/\/cegss.org.gt\/?page_id=3623"},"modified":"2026-04-24T04:08:29","modified_gmt":"2026-04-24T04:08:29","slug":"sistema-conred","status":"publish","type":"page","link":"https:\/\/cegss.org.gt\/en\/sistema-conred\/","title":{"rendered":"SISTEMA CONRED"},"content":{"rendered":"<div data-elementor-type=\"wp-page\" data-elementor-id=\"3623\" class=\"elementor elementor-3623\">\n\t\t\t\t<div class=\"elementor-element elementor-element-3adfeaa e-flex e-con-boxed wpr-particle-no wpr-jarallax-no wpr-parallax-no wpr-sticky-section-no wpr-equal-height-no e-con e-parent\" data-id=\"3adfeaa\" data-element_type=\"container\" data-e-type=\"container\" data-settings=\"{&quot;background_background&quot;:&quot;classic&quot;}\">\n\t\t\t\t\t<div class=\"e-con-inner\">\n\t\t\t\t<div class=\"elementor-element elementor-element-5cbacb8 elementor-widget elementor-widget-heading\" data-id=\"5cbacb8\" data-element_type=\"widget\" data-e-type=\"widget\" data-widget_type=\"heading.default\">\n\t\t\t\t\t<h2 class=\"elementor-heading-title elementor-size-default\">Climate Change and Health<\/h2>\t\t\t\t<\/div>\n\t\t\t\t<div class=\"elementor-element elementor-element-5c8a7bf elementor-widget elementor-widget-wpr-breadcrumbs-pro\" data-id=\"5c8a7bf\" data-element_type=\"widget\" data-e-type=\"widget\" data-widget_type=\"wpr-breadcrumbs-pro.default\">\n\t\t\t\t\t<div class=\"wpr-post-breadcrumbs\"><ul class=\"wpr-breadcrumbs\"><li><a href=\"https:\/\/cegss.org.gt\/en\">CEGSS<\/a><\/li><li>\/<\/li><li>SISTEMA CONRED<\/li><\/ul><\/div>\t\t\t\t<\/div>\n\t\t\t\t\t<\/div>\n\t\t\t\t<\/div>\n\t\t<div class=\"elementor-element elementor-element-1cdfcb2 e-flex e-con-boxed wpr-particle-no wpr-jarallax-no wpr-parallax-no wpr-sticky-section-no wpr-equal-height-no e-con e-parent\" data-id=\"1cdfcb2\" data-element_type=\"container\" data-e-type=\"container\">\n\t\t\t\t\t<div class=\"e-con-inner\">\n\t\t<div class=\"elementor-element elementor-element-a2078ce e-con-full e-flex wpr-particle-no wpr-jarallax-no wpr-parallax-no wpr-sticky-section-no wpr-equal-height-no e-con e-child\" data-id=\"a2078ce\" data-element_type=\"container\" data-e-type=\"container\">\n\t\t\t\t<div class=\"elementor-element elementor-element-0b5623a elementor-widget-divider--view-line elementor-widget elementor-widget-divider\" data-id=\"0b5623a\" data-element_type=\"widget\" data-e-type=\"widget\" data-widget_type=\"divider.default\">\n\t\t\t\t\t\t\t<div class=\"elementor-divider\">\n\t\t\t<span class=\"elementor-divider-separator\">\n\t\t\t\t\t\t<\/span>\n\t\t<\/div>\n\t\t\t\t\t\t<\/div>\n\t\t\t\t<div class=\"elementor-element elementor-element-1893385 elementor-widget elementor-widget-heading\" data-id=\"1893385\" data-element_type=\"widget\" data-e-type=\"widget\" data-widget_type=\"heading.default\">\n\t\t\t\t\t<h2 class=\"elementor-heading-title elementor-size-default\"><span style=\"font-weight: 400\">Sistema CONRED<\/span><\/h2>\t\t\t\t<\/div>\n\t\t\t\t<div class=\"elementor-element elementor-element-a0e150d elementor-widget-divider--view-line elementor-widget elementor-widget-divider\" data-id=\"a0e150d\" data-element_type=\"widget\" data-e-type=\"widget\" data-widget_type=\"divider.default\">\n\t\t\t\t\t\t\t<div class=\"elementor-divider\">\n\t\t\t<span class=\"elementor-divider-separator\">\n\t\t\t\t\t\t<\/span>\n\t\t<\/div>\n\t\t\t\t\t\t<\/div>\n\t\t\t\t<\/div>\n\t\t\t\t\t<\/div>\n\t\t\t\t<\/div>\n\t\t<div class=\"elementor-element elementor-element-7de3a2d e-flex e-con-boxed wpr-particle-no wpr-jarallax-no wpr-parallax-no wpr-sticky-section-no wpr-equal-height-no e-con e-parent\" data-id=\"7de3a2d\" data-element_type=\"container\" data-e-type=\"container\">\n\t\t\t\t\t<div class=\"e-con-inner\">\n\t\t<div class=\"elementor-element elementor-element-09df2ac e-con-full e-flex wpr-particle-no wpr-jarallax-no wpr-parallax-no wpr-sticky-section-no wpr-equal-height-no e-con e-child\" data-id=\"09df2ac\" data-element_type=\"container\" data-e-type=\"container\">\n\t\t\t\t<div class=\"elementor-element elementor-element-5afc0a8 elementor-widget elementor-widget-image\" data-id=\"5afc0a8\" data-element_type=\"widget\" data-e-type=\"widget\" data-widget_type=\"image.default\">\n\t\t\t\t\t\t\t\t\t\t\t\t\t\t\t<img fetchpriority=\"high\" decoding=\"async\" width=\"960\" height=\"720\" src=\"https:\/\/cegss.org.gt\/wp-content\/uploads\/2026\/04\/01-1024x768.png\" class=\"attachment-large size-large wp-image-3710\" alt=\"\" srcset=\"https:\/\/cegss.org.gt\/wp-content\/uploads\/2026\/04\/01-1024x768.png 1024w, https:\/\/cegss.org.gt\/wp-content\/uploads\/2026\/04\/01-300x225.png 300w, https:\/\/cegss.org.gt\/wp-content\/uploads\/2026\/04\/01-768x576.png 768w, https:\/\/cegss.org.gt\/wp-content\/uploads\/2026\/04\/01-1536x1152.png 1536w, https:\/\/cegss.org.gt\/wp-content\/uploads\/2026\/04\/01-2048x1535.png 2048w, https:\/\/cegss.org.gt\/wp-content\/uploads\/2026\/04\/01-16x12.png 16w\" sizes=\"(max-width: 960px) 100vw, 960px\" \/>\t\t\t\t\t\t\t\t\t\t\t\t\t\t\t<\/div>\n\t\t\t\t<div class=\"elementor-element elementor-element-f2f8634 elementor-widget elementor-widget-text-editor\" data-id=\"f2f8634\" data-element_type=\"widget\" data-e-type=\"widget\" data-widget_type=\"text-editor.default\">\n\t\t\t\t\t\t\t\t\t<p>Gesti\u00f3n de riesgo, desastres y ayuda humanitaria<\/p>\t\t\t\t\t\t\t\t<\/div>\n\t\t\t\t<div class=\"elementor-element elementor-element-b50ccfc elementor-align-justify elementor-widget elementor-widget-button\" data-id=\"b50ccfc\" data-element_type=\"widget\" data-e-type=\"widget\" data-widget_type=\"button.default\">\n\t\t\t\t\t\t\t\t\t\t<a class=\"elementor-button elementor-button-link elementor-size-sm\" href=\"\/wp-content\/uploads\/2026\/04\/01_Gestion-de-riesgo-y-respuesta-humanitaria-integrado.pdf\" target=\"_blank\">\n\t\t\t\t\t\t<span class=\"elementor-button-content-wrapper\">\n\t\t\t\t\t\t<span class=\"elementor-button-icon\">\n\t\t\t\t<svg xmlns=\"http:\/\/www.w3.org\/2000\/svg\" shape-rendering=\"geometricPrecision\" text-rendering=\"geometricPrecision\" image-rendering=\"optimizeQuality\" fill-rule=\"evenodd\" clip-rule=\"evenodd\" viewbox=\"0 0 512.02 319.26\"><path d=\"M5.9 48.96 48.97 5.89c7.86-7.86 20.73-7.84 28.56 0l178.48 178.48L434.5 5.89c7.86-7.86 20.74-7.82 28.56 0l43.07 43.07c7.83 7.84 7.83 20.72 0 28.56l-192.41 192.4-.36.37-43.07 43.07c-7.83 7.82-20.7 7.86-28.56 0l-43.07-43.07-.36-.37L5.9 77.52c-7.87-7.86-7.87-20.7 0-28.56z\"><\/path><\/svg>\t\t\t<\/span>\n\t\t\t\t\t\t\t\t\t<span class=\"elementor-button-text\">Download Spanish <\/span>\n\t\t\t\t\t<\/span>\n\t\t\t\t\t<\/a>\n\t\t\t\t\t\t\t\t<\/div>\n\t\t\t\t<\/div>\n\t\t<div class=\"elementor-element elementor-element-b470e84 e-con-full e-flex wpr-particle-no wpr-jarallax-no wpr-parallax-no wpr-sticky-section-no wpr-equal-height-no e-con e-child\" data-id=\"b470e84\" data-element_type=\"container\" data-e-type=\"container\">\n\t\t\t\t<div class=\"elementor-element elementor-element-809d5d9 elementor-widget elementor-widget-image\" data-id=\"809d5d9\" data-element_type=\"widget\" data-e-type=\"widget\" data-widget_type=\"image.default\">\n\t\t\t\t\t\t\t\t\t\t\t\t\t\t\t<img decoding=\"async\" src=\"https:\/\/cegss.org.gt\/wp-content\/uploads\/elementor\/thumbs\/Screenshot_3-rmh8osg38r90cgrjendo333ix02vq7a84v33r7b422.png\" title=\"Screenshot_3\" alt=\"Screenshot_3\" loading=\"lazy\" \/>\t\t\t\t\t\t\t\t\t\t\t\t\t\t\t<\/div>\n\t\t\t\t<div class=\"elementor-element elementor-element-9e67005 elementor-widget elementor-widget-text-editor\" data-id=\"9e67005\" data-element_type=\"widget\" data-e-type=\"widget\" data-widget_type=\"text-editor.default\">\n\t\t\t\t\t\t\t\t\t<p>Resumen Ejecutivo Gesti\u00f3n de riesgo, desastres y ayuda humanitaria<\/p>\t\t\t\t\t\t\t\t<\/div>\n\t\t\t\t<div class=\"elementor-element elementor-element-d1a0431 elementor-align-justify elementor-widget elementor-widget-button\" data-id=\"d1a0431\" data-element_type=\"widget\" data-e-type=\"widget\" data-widget_type=\"button.default\">\n\t\t\t\t\t\t\t\t\t\t<a class=\"elementor-button elementor-button-link elementor-size-sm\" href=\"\/wp-content\/uploads\/2026\/04\/Resumen-Ejecutivo-Gestion-de-Riesgos-pdf.pdf\" target=\"_blank\">\n\t\t\t\t\t\t<span class=\"elementor-button-content-wrapper\">\n\t\t\t\t\t\t<span class=\"elementor-button-icon\">\n\t\t\t\t<svg xmlns=\"http:\/\/www.w3.org\/2000\/svg\" shape-rendering=\"geometricPrecision\" text-rendering=\"geometricPrecision\" image-rendering=\"optimizeQuality\" fill-rule=\"evenodd\" clip-rule=\"evenodd\" viewbox=\"0 0 512.02 319.26\"><path d=\"M5.9 48.96 48.97 5.89c7.86-7.86 20.73-7.84 28.56 0l178.48 178.48L434.5 5.89c7.86-7.86 20.74-7.82 28.56 0l43.07 43.07c7.83 7.84 7.83 20.72 0 28.56l-192.41 192.4-.36.37-43.07 43.07c-7.83 7.82-20.7 7.86-28.56 0l-43.07-43.07-.36-.37L5.9 77.52c-7.87-7.86-7.87-20.7 0-28.56z\"><\/path><\/svg>\t\t\t<\/span>\n\t\t\t\t\t\t\t\t\t<span class=\"elementor-button-text\">Download Spanish <\/span>\n\t\t\t\t\t<\/span>\n\t\t\t\t\t<\/a>\n\t\t\t\t\t\t\t\t<\/div>\n\t\t\t\t<\/div>\n\t\t<div class=\"elementor-element elementor-element-da9c6cb e-con-full e-flex wpr-particle-no wpr-jarallax-no wpr-parallax-no wpr-sticky-section-no wpr-equal-height-no e-con e-child\" data-id=\"da9c6cb\" data-element_type=\"container\" data-e-type=\"container\">\n\t\t\t\t<div class=\"elementor-element elementor-element-132aed9 elementor-widget elementor-widget-image\" data-id=\"132aed9\" data-element_type=\"widget\" data-e-type=\"widget\" data-widget_type=\"image.default\">\n\t\t\t\t\t\t\t\t\t\t\t\t\t\t\t<img decoding=\"async\" width=\"960\" height=\"720\" src=\"https:\/\/cegss.org.gt\/wp-content\/uploads\/2026\/04\/03-1024x768.png\" class=\"attachment-large size-large wp-image-3707\" alt=\"\" srcset=\"https:\/\/cegss.org.gt\/wp-content\/uploads\/2026\/04\/03-1024x768.png 1024w, https:\/\/cegss.org.gt\/wp-content\/uploads\/2026\/04\/03-300x225.png 300w, https:\/\/cegss.org.gt\/wp-content\/uploads\/2026\/04\/03-768x576.png 768w, https:\/\/cegss.org.gt\/wp-content\/uploads\/2026\/04\/03-1536x1152.png 1536w, https:\/\/cegss.org.gt\/wp-content\/uploads\/2026\/04\/03-2048x1535.png 2048w, https:\/\/cegss.org.gt\/wp-content\/uploads\/2026\/04\/03-16x12.png 16w\" sizes=\"(max-width: 960px) 100vw, 960px\" \/>\t\t\t\t\t\t\t\t\t\t\t\t\t\t\t<\/div>\n\t\t\t\t<div class=\"elementor-element elementor-element-603b247 elementor-widget elementor-widget-text-editor\" data-id=\"603b247\" data-element_type=\"widget\" data-e-type=\"widget\" data-widget_type=\"text-editor.default\">\n\t\t\t\t\t\t\t\t\t<p>An\u00e1lisis de pol\u00edticas y presupuestos para la atenci\u00f3n a desastres naturales y ayuda humanitaria<\/p>\t\t\t\t\t\t\t\t<\/div>\n\t\t\t\t<div class=\"elementor-element elementor-element-f5197cb elementor-align-justify elementor-widget elementor-widget-button\" data-id=\"f5197cb\" data-element_type=\"widget\" data-e-type=\"widget\" data-widget_type=\"button.default\">\n\t\t\t\t\t\t\t\t\t\t<a class=\"elementor-button elementor-button-link elementor-size-sm\" href=\"\/wp-content\/uploads\/2026\/04\/03_Analisis-de-politicas-y-presupuestos-para-la-respuestas.pdf\" target=\"_blank\">\n\t\t\t\t\t\t<span class=\"elementor-button-content-wrapper\">\n\t\t\t\t\t\t<span class=\"elementor-button-icon\">\n\t\t\t\t<svg xmlns=\"http:\/\/www.w3.org\/2000\/svg\" shape-rendering=\"geometricPrecision\" text-rendering=\"geometricPrecision\" image-rendering=\"optimizeQuality\" fill-rule=\"evenodd\" clip-rule=\"evenodd\" viewbox=\"0 0 512.02 319.26\"><path d=\"M5.9 48.96 48.97 5.89c7.86-7.86 20.73-7.84 28.56 0l178.48 178.48L434.5 5.89c7.86-7.86 20.74-7.82 28.56 0l43.07 43.07c7.83 7.84 7.83 20.72 0 28.56l-192.41 192.4-.36.37-43.07 43.07c-7.83 7.82-20.7 7.86-28.56 0l-43.07-43.07-.36-.37L5.9 77.52c-7.87-7.86-7.87-20.7 0-28.56z\"><\/path><\/svg>\t\t\t<\/span>\n\t\t\t\t\t\t\t\t\t<span class=\"elementor-button-text\">Download Spanish <\/span>\n\t\t\t\t\t<\/span>\n\t\t\t\t\t<\/a>\n\t\t\t\t\t\t\t\t<\/div>\n\t\t\t\t<\/div>\n\t\t<div class=\"elementor-element elementor-element-9542a23 e-con-full e-flex wpr-particle-no wpr-jarallax-no wpr-parallax-no wpr-sticky-section-no wpr-equal-height-no e-con e-child\" data-id=\"9542a23\" data-element_type=\"container\" data-e-type=\"container\">\n\t\t\t\t<div class=\"elementor-element elementor-element-53e11bb elementor-widget elementor-widget-image\" data-id=\"53e11bb\" data-element_type=\"widget\" data-e-type=\"widget\" data-widget_type=\"image.default\">\n\t\t\t\t\t\t\t\t\t\t\t\t\t\t\t<img decoding=\"async\" width=\"960\" height=\"720\" src=\"https:\/\/cegss.org.gt\/wp-content\/uploads\/2026\/04\/04-1024x768.png\" class=\"attachment-large size-large wp-image-3709\" alt=\"\" srcset=\"https:\/\/cegss.org.gt\/wp-content\/uploads\/2026\/04\/04-1024x768.png 1024w, https:\/\/cegss.org.gt\/wp-content\/uploads\/2026\/04\/04-300x225.png 300w, https:\/\/cegss.org.gt\/wp-content\/uploads\/2026\/04\/04-768x576.png 768w, https:\/\/cegss.org.gt\/wp-content\/uploads\/2026\/04\/04-1536x1152.png 1536w, https:\/\/cegss.org.gt\/wp-content\/uploads\/2026\/04\/04-2048x1535.png 2048w, https:\/\/cegss.org.gt\/wp-content\/uploads\/2026\/04\/04-16x12.png 16w\" sizes=\"(max-width: 960px) 100vw, 960px\" \/>\t\t\t\t\t\t\t\t\t\t\t\t\t\t\t<\/div>\n\t\t\t\t<div class=\"elementor-element elementor-element-4d00b2f elementor-widget elementor-widget-text-editor\" data-id=\"4d00b2f\" data-element_type=\"widget\" data-e-type=\"widget\" data-widget_type=\"text-editor.default\">\n\t\t\t\t\t\t\t\t\t<p>GU\u00cdA; gesti\u00f3n de riesgos, desastres y ayuda <br \/>humanitaria<\/p>\t\t\t\t\t\t\t\t<\/div>\n\t\t\t\t<div class=\"elementor-element elementor-element-66251d1 elementor-align-justify elementor-widget elementor-widget-button\" data-id=\"66251d1\" data-element_type=\"widget\" data-e-type=\"widget\" data-widget_type=\"button.default\">\n\t\t\t\t\t\t\t\t\t\t<a class=\"elementor-button elementor-button-link elementor-size-sm\" href=\"\/wp-content\/uploads\/2026\/04\/04_GuiaCONRED14.08.24.pdf\" target=\"_blank\">\n\t\t\t\t\t\t<span class=\"elementor-button-content-wrapper\">\n\t\t\t\t\t\t<span class=\"elementor-button-icon\">\n\t\t\t\t<svg xmlns=\"http:\/\/www.w3.org\/2000\/svg\" shape-rendering=\"geometricPrecision\" text-rendering=\"geometricPrecision\" image-rendering=\"optimizeQuality\" fill-rule=\"evenodd\" clip-rule=\"evenodd\" viewbox=\"0 0 512.02 319.26\"><path d=\"M5.9 48.96 48.97 5.89c7.86-7.86 20.73-7.84 28.56 0l178.48 178.48L434.5 5.89c7.86-7.86 20.74-7.82 28.56 0l43.07 43.07c7.83 7.84 7.83 20.72 0 28.56l-192.41 192.4-.36.37-43.07 43.07c-7.83 7.82-20.7 7.86-28.56 0l-43.07-43.07-.36-.37L5.9 77.52c-7.87-7.86-7.87-20.7 0-28.56z\"><\/path><\/svg>\t\t\t<\/span>\n\t\t\t\t\t\t\t\t\t<span class=\"elementor-button-text\">Download Spanish <\/span>\n\t\t\t\t\t<\/span>\n\t\t\t\t\t<\/a>\n\t\t\t\t\t\t\t\t<\/div>\n\t\t\t\t<\/div>\n\t\t\t\t\t<\/div>\n\t\t\t\t<\/div>\n\t\t\t\t<\/div>","protected":false},"excerpt":{"rendered":"<p>Cambio Clim\u00e1tico y Salud CEGSS \/ SISTEMA CONRED Sistema CONRED Gesti\u00f3n de riesgo, desastres y ayuda humanitaria Descargar espa\u00f1ol Resumen Ejecutivo Gesti\u00f3n de riesgo, desastres y ayuda humanitaria Descargar espa\u00f1ol An\u00e1lisis de pol\u00edticas y presupuestos para la atenci\u00f3n a desastres naturales y ayuda humanitaria Descargar espa\u00f1ol GU\u00cdA; gesti\u00f3n de riesgos, desastres y ayuda humanitaria Descargar espa\u00f1ol<\/p>","protected":false},"author":1,"featured_media":0,"parent":0,"menu_order":0,"comment_status":"closed","ping_status":"closed","template":"","meta":{"footnotes":""},"class_list":["post-3623","page","type-page","status-publish","hentry"],"acf":[],"_links":{"self":[{"href":"https:\/\/cegss.org.gt\/en\/wp-json\/wp\/v2\/pages\/3623","targetHints":{"allow":["GET"]}}],"collection":[{"href":"https:\/\/cegss.org.gt\/en\/wp-json\/wp\/v2\/pages"}],"about":[{"href":"https:\/\/cegss.org.gt\/en\/wp-json\/wp\/v2\/types\/page"}],"author":[{"embeddable":true,"href":"https:\/\/cegss.org.gt\/en\/wp-json\/wp\/v2\/users\/1"}],"replies":[{"embeddable":true,"href":"https:\/\/cegss.org.gt\/en\/wp-json\/wp\/v2\/comments?post=3623"}],"version-history":[{"count":52,"href":"https:\/\/cegss.org.gt\/en\/wp-json\/wp\/v2\/pages\/3623\/revisions"}],"predecessor-version":[{"id":4310,"href":"https:\/\/cegss.org.gt\/en\/wp-json\/wp\/v2\/pages\/3623\/revisions\/4310"}],"wp:attachment":[{"href":"https:\/\/cegss.org.gt\/en\/wp-json\/wp\/v2\/media?parent=3623"}],"curies":[{"name":"wp","href":"https:\/\/api.w.org\/{rel}","templated":true}]}}