{"id":3621,"date":"2026-04-22T16:51:32","date_gmt":"2026-04-22T16:51:32","guid":{"rendered":"https:\/\/cegss.org.gt\/?page_id=3621"},"modified":"2026-04-22T18:18:30","modified_gmt":"2026-04-22T18:18:30","slug":"resumenes-de-investigaciones","status":"publish","type":"page","link":"https:\/\/cegss.org.gt\/en\/resumenes-de-investigaciones\/","title":{"rendered":"RES\u00daMENES DE INVESTIGACIONES"},"content":{"rendered":"<div data-elementor-type=\"wp-page\" data-elementor-id=\"3621\" class=\"elementor elementor-3621\">\n\t\t\t\t<div class=\"elementor-element elementor-element-77c1afb e-flex e-con-boxed wpr-particle-no wpr-jarallax-no wpr-parallax-no wpr-sticky-section-no wpr-equal-height-no e-con e-parent\" data-id=\"77c1afb\" data-element_type=\"container\" data-e-type=\"container\" data-settings=\"{&quot;background_background&quot;:&quot;classic&quot;}\">\n\t\t\t\t\t<div class=\"e-con-inner\">\n\t\t\t\t<div class=\"elementor-element elementor-element-f293abb elementor-widget elementor-widget-heading\" data-id=\"f293abb\" data-element_type=\"widget\" data-e-type=\"widget\" data-widget_type=\"heading.default\">\n\t\t\t\t\t<h2 class=\"elementor-heading-title elementor-size-default\">Climate Change and Health<\/h2>\t\t\t\t<\/div>\n\t\t\t\t<div class=\"elementor-element elementor-element-05004d1 elementor-widget elementor-widget-wpr-breadcrumbs-pro\" data-id=\"05004d1\" data-element_type=\"widget\" data-e-type=\"widget\" data-widget_type=\"wpr-breadcrumbs-pro.default\">\n\t\t\t\t\t<div class=\"wpr-post-breadcrumbs\"><ul class=\"wpr-breadcrumbs\"><li><a href=\"https:\/\/cegss.org.gt\/en\">CEGSS<\/a><\/li><li>\/<\/li><li>RES\u00daMENES DE INVESTIGACIONES<\/li><\/ul><\/div>\t\t\t\t<\/div>\n\t\t\t\t\t<\/div>\n\t\t\t\t<\/div>\n\t\t<div class=\"elementor-element elementor-element-83fb0a2 e-flex e-con-boxed wpr-particle-no wpr-jarallax-no wpr-parallax-no wpr-sticky-section-no wpr-equal-height-no e-con e-parent\" data-id=\"83fb0a2\" data-element_type=\"container\" data-e-type=\"container\">\n\t\t\t\t\t<div class=\"e-con-inner\">\n\t\t<div class=\"elementor-element elementor-element-29cf266 e-con-full e-flex wpr-particle-no wpr-jarallax-no wpr-parallax-no wpr-sticky-section-no wpr-equal-height-no e-con e-child\" data-id=\"29cf266\" data-element_type=\"container\" data-e-type=\"container\">\n\t\t\t\t<div class=\"elementor-element elementor-element-8e4123b elementor-widget-divider--view-line elementor-widget elementor-widget-divider\" data-id=\"8e4123b\" data-element_type=\"widget\" data-e-type=\"widget\" data-widget_type=\"divider.default\">\n\t\t\t\t\t\t\t<div class=\"elementor-divider\">\n\t\t\t<span class=\"elementor-divider-separator\">\n\t\t\t\t\t\t<\/span>\n\t\t<\/div>\n\t\t\t\t\t\t<\/div>\n\t\t\t\t<div class=\"elementor-element elementor-element-75d40e2 elementor-widget elementor-widget-heading\" data-id=\"75d40e2\" data-element_type=\"widget\" data-e-type=\"widget\" data-widget_type=\"heading.default\">\n\t\t\t\t\t<h2 class=\"elementor-heading-title elementor-size-default\"><span style=\"font-weight: 400\">Res\u00famenes de Investigaciones<\/span><\/h2>\t\t\t\t<\/div>\n\t\t\t\t<div class=\"elementor-element elementor-element-0289be3 elementor-widget-divider--view-line elementor-widget elementor-widget-divider\" data-id=\"0289be3\" data-element_type=\"widget\" data-e-type=\"widget\" data-widget_type=\"divider.default\">\n\t\t\t\t\t\t\t<div class=\"elementor-divider\">\n\t\t\t<span class=\"elementor-divider-separator\">\n\t\t\t\t\t\t<\/span>\n\t\t<\/div>\n\t\t\t\t\t\t<\/div>\n\t\t\t\t<\/div>\n\t\t\t\t\t<\/div>\n\t\t\t\t<\/div>\n\t\t<div class=\"elementor-element elementor-element-97d176e e-flex e-con-boxed wpr-particle-no wpr-jarallax-no wpr-parallax-no wpr-sticky-section-no wpr-equal-height-no e-con e-parent\" data-id=\"97d176e\" data-element_type=\"container\" data-e-type=\"container\">\n\t\t\t\t\t<div class=\"e-con-inner\">\n\t\t<div class=\"elementor-element elementor-element-7cd0230 e-con-full e-flex wpr-particle-no wpr-jarallax-no wpr-parallax-no wpr-sticky-section-no wpr-equal-height-no e-con e-child\" data-id=\"7cd0230\" data-element_type=\"container\" data-e-type=\"container\">\n\t\t\t\t<div class=\"elementor-element elementor-element-eb2ab5e elementor-widget elementor-widget-image\" data-id=\"eb2ab5e\" data-element_type=\"widget\" data-e-type=\"widget\" data-widget_type=\"image.default\">\n\t\t\t\t\t\t\t\t\t\t\t\t\t\t\t<img fetchpriority=\"high\" decoding=\"async\" width=\"787\" height=\"1024\" src=\"https:\/\/cegss.org.gt\/wp-content\/uploads\/2026\/04\/defendiendo-el-derecho-a-la-salud-en-guatemala-portada-cegss-1-787x1024.png\" class=\"attachment-large size-large wp-image-3666\" alt=\"\" srcset=\"https:\/\/cegss.org.gt\/wp-content\/uploads\/2026\/04\/defendiendo-el-derecho-a-la-salud-en-guatemala-portada-cegss-1-787x1024.png 787w, https:\/\/cegss.org.gt\/wp-content\/uploads\/2026\/04\/defendiendo-el-derecho-a-la-salud-en-guatemala-portada-cegss-1-231x300.png 231w, https:\/\/cegss.org.gt\/wp-content\/uploads\/2026\/04\/defendiendo-el-derecho-a-la-salud-en-guatemala-portada-cegss-1-768x999.png 768w, https:\/\/cegss.org.gt\/wp-content\/uploads\/2026\/04\/defendiendo-el-derecho-a-la-salud-en-guatemala-portada-cegss-1-9x12.png 9w, https:\/\/cegss.org.gt\/wp-content\/uploads\/2026\/04\/defendiendo-el-derecho-a-la-salud-en-guatemala-portada-cegss-1.png 1100w\" sizes=\"(max-width: 787px) 100vw, 787px\" \/>\t\t\t\t\t\t\t\t\t\t\t\t\t\t\t<\/div>\n\t\t\t\t<div class=\"elementor-element elementor-element-cbaa9eb elementor-widget elementor-widget-text-editor\" data-id=\"cbaa9eb\" data-element_type=\"widget\" data-e-type=\"widget\" data-widget_type=\"text-editor.default\">\n\t\t\t\t\t\t\t\t\t<p>Construyendo estrategias de respuesta a emergencias basadas en la comunidad.<br \/>Resumen de Investigaci\u00f3n<\/p>\t\t\t\t\t\t\t\t<\/div>\n\t\t\t\t<div class=\"elementor-element elementor-element-a3346da elementor-align-justify elementor-widget elementor-widget-button\" data-id=\"a3346da\" data-element_type=\"widget\" data-e-type=\"widget\" data-widget_type=\"button.default\">\n\t\t\t\t\t\t\t\t\t\t<a class=\"elementor-button elementor-button-link elementor-size-sm\" href=\"\/wp-content\/uploads\/2026\/04\/01-Construyendo-estrategias-de-respuesta-a-emergencias-basadas-en-la-comunidad.-Resumen-de-Investigacion-ES.pdf\" target=\"_blank\">\n\t\t\t\t\t\t<span class=\"elementor-button-content-wrapper\">\n\t\t\t\t\t\t<span class=\"elementor-button-icon\">\n\t\t\t\t<svg xmlns=\"http:\/\/www.w3.org\/2000\/svg\" shape-rendering=\"geometricPrecision\" text-rendering=\"geometricPrecision\" image-rendering=\"optimizeQuality\" fill-rule=\"evenodd\" clip-rule=\"evenodd\" viewbox=\"0 0 512.02 319.26\"><path d=\"M5.9 48.96 48.97 5.89c7.86-7.86 20.73-7.84 28.56 0l178.48 178.48L434.5 5.89c7.86-7.86 20.74-7.82 28.56 0l43.07 43.07c7.83 7.84 7.83 20.72 0 28.56l-192.41 192.4-.36.37-43.07 43.07c-7.83 7.82-20.7 7.86-28.56 0l-43.07-43.07-.36-.37L5.9 77.52c-7.87-7.86-7.87-20.7 0-28.56z\"><\/path><\/svg>\t\t\t<\/span>\n\t\t\t\t\t\t\t\t\t<span class=\"elementor-button-text\">Download Spanish <\/span>\n\t\t\t\t\t<\/span>\n\t\t\t\t\t<\/a>\n\t\t\t\t\t\t\t\t<\/div>\n\t\t\t\t<div class=\"elementor-element elementor-element-3a3de0c elementor-align-justify elementor-widget elementor-widget-button\" data-id=\"3a3de0c\" data-element_type=\"widget\" data-e-type=\"widget\" data-widget_type=\"button.default\">\n\t\t\t\t\t\t\t\t\t\t<a class=\"elementor-button elementor-button-link elementor-size-sm\" href=\"\/wp-content\/uploads\/2026\/04\/02-Building-community-based-emergency-response-strategies.-GUATEMALA-RESEARCH-BRIEF.IN_.pdf\" target=\"_blank\">\n\t\t\t\t\t\t<span class=\"elementor-button-content-wrapper\">\n\t\t\t\t\t\t<span class=\"elementor-button-icon\">\n\t\t\t\t<svg xmlns=\"http:\/\/www.w3.org\/2000\/svg\" shape-rendering=\"geometricPrecision\" text-rendering=\"geometricPrecision\" image-rendering=\"optimizeQuality\" fill-rule=\"evenodd\" clip-rule=\"evenodd\" viewbox=\"0 0 512.02 319.26\"><path d=\"M5.9 48.96 48.97 5.89c7.86-7.86 20.73-7.84 28.56 0l178.48 178.48L434.5 5.89c7.86-7.86 20.74-7.82 28.56 0l43.07 43.07c7.83 7.84 7.83 20.72 0 28.56l-192.41 192.4-.36.37-43.07 43.07c-7.83 7.82-20.7 7.86-28.56 0l-43.07-43.07-.36-.37L5.9 77.52c-7.87-7.86-7.87-20.7 0-28.56z\"><\/path><\/svg>\t\t\t<\/span>\n\t\t\t\t\t\t\t\t\t<span class=\"elementor-button-text\">Download English<\/span>\n\t\t\t\t\t<\/span>\n\t\t\t\t\t<\/a>\n\t\t\t\t\t\t\t\t<\/div>\n\t\t\t\t<\/div>\n\t\t\t\t\t<\/div>\n\t\t\t\t<\/div>\n\t\t\t\t<\/div>","protected":false},"excerpt":{"rendered":"<p>Cambio Clim\u00e1tico y Salud CEGSS \/ RES\u00daMENES DE INVESTIGACIONES Res\u00famenes de Investigaciones Construyendo estrategias de respuesta a emergencias basadas en la comunidad.Resumen de Investigaci\u00f3n Descargar espa\u00f1ol Descargar ingl\u00e9s<\/p>","protected":false},"author":1,"featured_media":0,"parent":0,"menu_order":0,"comment_status":"closed","ping_status":"closed","template":"","meta":{"footnotes":""},"class_list":["post-3621","page","type-page","status-publish","hentry"],"acf":[],"_links":{"self":[{"href":"https:\/\/cegss.org.gt\/en\/wp-json\/wp\/v2\/pages\/3621","targetHints":{"allow":["GET"]}}],"collection":[{"href":"https:\/\/cegss.org.gt\/en\/wp-json\/wp\/v2\/pages"}],"about":[{"href":"https:\/\/cegss.org.gt\/en\/wp-json\/wp\/v2\/types\/page"}],"author":[{"embeddable":true,"href":"https:\/\/cegss.org.gt\/en\/wp-json\/wp\/v2\/users\/1"}],"replies":[{"embeddable":true,"href":"https:\/\/cegss.org.gt\/en\/wp-json\/wp\/v2\/comments?post=3621"}],"version-history":[{"count":40,"href":"https:\/\/cegss.org.gt\/en\/wp-json\/wp\/v2\/pages\/3621\/revisions"}],"predecessor-version":[{"id":3987,"href":"https:\/\/cegss.org.gt\/en\/wp-json\/wp\/v2\/pages\/3621\/revisions\/3987"}],"wp:attachment":[{"href":"https:\/\/cegss.org.gt\/en\/wp-json\/wp\/v2\/media?parent=3621"}],"curies":[{"name":"wp","href":"https:\/\/api.w.org\/{rel}","templated":true}]}}