{"id":3607,"date":"2026-04-22T16:37:08","date_gmt":"2026-04-22T16:37:08","guid":{"rendered":"https:\/\/cegss.org.gt\/?page_id=3607"},"modified":"2026-04-25T00:45:47","modified_gmt":"2026-04-25T00:45:47","slug":"cambio-climatico-y-salud","status":"publish","type":"page","link":"https:\/\/cegss.org.gt\/en\/cambio-climatico-y-salud\/","title":{"rendered":"CLIMATE CHANGE AND HEALTH"},"content":{"rendered":"<div data-elementor-type=\"wp-page\" data-elementor-id=\"3607\" class=\"elementor elementor-3607\">\n\t\t\t\t<div class=\"elementor-element elementor-element-9823b4e e-flex e-con-boxed wpr-particle-no wpr-jarallax-no wpr-parallax-no wpr-sticky-section-no wpr-equal-height-no e-con e-parent\" data-id=\"9823b4e\" data-element_type=\"container\" data-e-type=\"container\" data-settings=\"{&quot;background_background&quot;:&quot;classic&quot;}\">\n\t\t\t\t\t<div class=\"e-con-inner\">\n\t\t\t\t<div class=\"elementor-element elementor-element-87cc6bb elementor-widget elementor-widget-heading\" data-id=\"87cc6bb\" data-element_type=\"widget\" data-e-type=\"widget\" data-widget_type=\"heading.default\">\n\t\t\t\t\t<h2 class=\"elementor-heading-title elementor-size-default\">Climate Change and Health<\/h2>\t\t\t\t<\/div>\n\t\t\t\t<div class=\"elementor-element elementor-element-4cfa3b4 elementor-widget elementor-widget-wpr-breadcrumbs-pro\" data-id=\"4cfa3b4\" data-element_type=\"widget\" data-e-type=\"widget\" data-widget_type=\"wpr-breadcrumbs-pro.default\">\n\t\t\t\t\t<div class=\"wpr-post-breadcrumbs\"><ul class=\"wpr-breadcrumbs\"><li><a href=\"https:\/\/cegss.org.gt\/en\">CEGSS<\/a><\/li><li>\/<\/li><li>CLIMATE CHANGE AND HEALTH<\/li><\/ul><\/div>\t\t\t\t<\/div>\n\t\t\t\t\t<\/div>\n\t\t\t\t<\/div>\n\t\t<div class=\"elementor-element elementor-element-378feb7 e-flex e-con-boxed wpr-particle-no wpr-jarallax-no wpr-parallax-no wpr-sticky-section-no wpr-equal-height-no e-con e-parent\" data-id=\"378feb7\" data-element_type=\"container\" data-e-type=\"container\">\n\t\t\t\t\t<div class=\"e-con-inner\">\n\t\t<div class=\"elementor-element elementor-element-4baa9ad e-con-full e-flex wpr-particle-no wpr-jarallax-no wpr-parallax-no wpr-sticky-section-no wpr-equal-height-no e-con e-child\" data-id=\"4baa9ad\" data-element_type=\"container\" data-e-type=\"container\">\n\t\t\t\t<div class=\"elementor-element elementor-element-e25e895 elementor-widget-divider--view-line elementor-widget elementor-widget-divider\" data-id=\"e25e895\" data-element_type=\"widget\" data-e-type=\"widget\" data-widget_type=\"divider.default\">\n\t\t\t\t\t\t\t<div class=\"elementor-divider\">\n\t\t\t<span class=\"elementor-divider-separator\">\n\t\t\t\t\t\t<\/span>\n\t\t<\/div>\n\t\t\t\t\t\t<\/div>\n\t\t\t\t<div class=\"elementor-element elementor-element-065c04a elementor-widget elementor-widget-heading\" data-id=\"065c04a\" data-element_type=\"widget\" data-e-type=\"widget\" data-widget_type=\"heading.default\">\n\t\t\t\t\t<h2 class=\"elementor-heading-title elementor-size-default\"><span style=\"font-weight: 400\">\n  Climate Change and <span style=\"color: #FF4D4D\">Health:<\/span>\n<\/span><\/h2>\t\t\t\t<\/div>\n\t\t\t\t<div class=\"elementor-element elementor-element-413ddbb elementor-widget-divider--view-line elementor-widget elementor-widget-divider\" data-id=\"413ddbb\" data-element_type=\"widget\" data-e-type=\"widget\" data-widget_type=\"divider.default\">\n\t\t\t\t\t\t\t<div class=\"elementor-divider\">\n\t\t\t<span class=\"elementor-divider-separator\">\n\t\t\t\t\t\t<\/span>\n\t\t<\/div>\n\t\t\t\t\t\t<\/div>\n\t\t\t\t<div class=\"elementor-element elementor-element-d880c70 elementor-widget elementor-widget-image\" data-id=\"d880c70\" data-element_type=\"widget\" data-e-type=\"widget\" data-widget_type=\"image.default\">\n\t\t\t\t\t\t\t\t\t\t\t\t\t\t\t<img fetchpriority=\"high\" decoding=\"async\" width=\"960\" height=\"641\" src=\"https:\/\/cegss.org.gt\/wp-content\/uploads\/2026\/04\/WhatsApp-Image-2026-04-23-at-3.54.45-PM-1024x684.jpeg\" class=\"attachment-large size-large wp-image-4295\" alt=\"\" srcset=\"https:\/\/cegss.org.gt\/wp-content\/uploads\/2026\/04\/WhatsApp-Image-2026-04-23-at-3.54.45-PM-1024x684.jpeg 1024w, https:\/\/cegss.org.gt\/wp-content\/uploads\/2026\/04\/WhatsApp-Image-2026-04-23-at-3.54.45-PM-300x200.jpeg 300w, https:\/\/cegss.org.gt\/wp-content\/uploads\/2026\/04\/WhatsApp-Image-2026-04-23-at-3.54.45-PM-768x513.jpeg 768w, https:\/\/cegss.org.gt\/wp-content\/uploads\/2026\/04\/WhatsApp-Image-2026-04-23-at-3.54.45-PM-18x12.jpeg 18w, https:\/\/cegss.org.gt\/wp-content\/uploads\/2026\/04\/WhatsApp-Image-2026-04-23-at-3.54.45-PM.jpeg 1534w\" sizes=\"(max-width: 960px) 100vw, 960px\" \/>\t\t\t\t\t\t\t\t\t\t\t\t\t\t\t<\/div>\n\t\t\t\t<\/div>\n\t\t<div class=\"elementor-element elementor-element-79b685b e-con-full e-flex wpr-particle-no wpr-jarallax-no wpr-parallax-no wpr-sticky-section-no wpr-equal-height-no e-con e-child\" data-id=\"79b685b\" data-element_type=\"container\" data-e-type=\"container\">\n\t\t\t\t<div class=\"elementor-element elementor-element-97ca931 elementor-widget elementor-widget-text-editor\" data-id=\"97ca931\" data-element_type=\"widget\" data-e-type=\"widget\" data-widget_type=\"text-editor.default\">\n\t\t\t\t\t\t\t\t\t<p>\u00a0<\/p><p>\u00a0<\/p><p>\u00a0<\/p><p>Guatemala is one of the countries that suffers the greatest negative effects from the effects of<br \/>Extreme weather alternating between severe storms and heat waves. These effects<br \/>They have a greater presence in the north and east of the country. In the north, the Q'eqchi\u2019 communities have a greater presence in the north and east of the country.\u2019<br \/>Alta Verapaz and the Zona Reina del Quich\u00e9 are among the most affected areas and at the same time<br \/>Time receives limited support from public institutions.<\/p><p>Through participatory action research processes, CEGSS, in conjunction with the<br \/>REDC-SALUD, the affected communities and the support of external partners have been<br \/>Documenting the effects of extreme weather events on insecurity<br \/>exacerbation of poverty, decline in the availability and use of health care services, and<br \/>Preventive and curative health care. At the same time, gaps have been documented in<br \/>Implementation of the national emergency response policy and, as a consequence, the<br \/>Little attention received by affected communities. As part of the actions to<br \/>Improvement: The communities themselves have defined their own priorities and are now defining them.<br \/>Presenting the authorities at the municipal, departmental and national levels.<\/p>\t\t\t\t\t\t\t\t<\/div>\n\t\t\t\t<\/div>\n\t\t\t\t\t<\/div>\n\t\t\t\t<\/div>\n\t\t<div class=\"elementor-element elementor-element-688414a e-flex e-con-boxed wpr-particle-no wpr-jarallax-no wpr-parallax-no wpr-sticky-section-no wpr-equal-height-no e-con e-parent\" data-id=\"688414a\" data-element_type=\"container\" data-e-type=\"container\">\n\t\t\t\t\t<div class=\"e-con-inner\">\n\t\t<div class=\"elementor-element elementor-element-5ca19f5 e-con-full e-flex wpr-particle-no wpr-jarallax-no wpr-parallax-no wpr-sticky-section-no wpr-equal-height-no e-con e-child\" data-id=\"5ca19f5\" data-element_type=\"container\" data-e-type=\"container\">\n\t\t\t\t<div class=\"elementor-element elementor-element-e91315b elementor-widget elementor-widget-image\" data-id=\"e91315b\" data-element_type=\"widget\" data-e-type=\"widget\" data-widget_type=\"image.default\">\n\t\t\t\t\t\t\t\t\t\t\t\t\t\t\t\t<a href=\"\/en\/resumenes-de-investigaciones\/\">\n\t\t\t\t\t\t\t<img decoding=\"async\" width=\"787\" height=\"1024\" src=\"https:\/\/cegss.org.gt\/wp-content\/uploads\/2026\/04\/resu.png\" class=\"attachment-large size-large wp-image-3614\" alt=\"\" srcset=\"https:\/\/cegss.org.gt\/wp-content\/uploads\/2026\/04\/resu.png 787w, https:\/\/cegss.org.gt\/wp-content\/uploads\/2026\/04\/resu-231x300.png 231w, https:\/\/cegss.org.gt\/wp-content\/uploads\/2026\/04\/resu-768x999.png 768w, https:\/\/cegss.org.gt\/wp-content\/uploads\/2026\/04\/resu-9x12.png 9w\" sizes=\"(max-width: 787px) 100vw, 787px\" \/>\t\t\t\t\t\t\t\t<\/a>\n\t\t\t\t\t\t\t\t\t\t\t\t\t\t\t<\/div>\n\t\t\t\t<\/div>\n\t\t<div class=\"elementor-element elementor-element-1d3aff6 e-con-full e-flex wpr-particle-no wpr-jarallax-no wpr-parallax-no wpr-sticky-section-no wpr-equal-height-no e-con e-child\" data-id=\"1d3aff6\" data-element_type=\"container\" data-e-type=\"container\">\n\t\t\t\t<div class=\"elementor-element elementor-element-4d8a915 elementor-widget elementor-widget-image\" data-id=\"4d8a915\" data-element_type=\"widget\" data-e-type=\"widget\" data-widget_type=\"image.default\">\n\t\t\t\t\t\t\t\t\t\t\t\t\t\t\t\t<a href=\"\/en\/diagnosticos-comunitariosmunicipios\/\">\n\t\t\t\t\t\t\t<img decoding=\"async\" width=\"787\" height=\"1024\" src=\"https:\/\/cegss.org.gt\/wp-content\/uploads\/2026\/04\/dia.png\" class=\"attachment-large size-large wp-image-3615\" alt=\"\" srcset=\"https:\/\/cegss.org.gt\/wp-content\/uploads\/2026\/04\/dia.png 787w, https:\/\/cegss.org.gt\/wp-content\/uploads\/2026\/04\/dia-231x300.png 231w, https:\/\/cegss.org.gt\/wp-content\/uploads\/2026\/04\/dia-768x999.png 768w, https:\/\/cegss.org.gt\/wp-content\/uploads\/2026\/04\/dia-9x12.png 9w\" sizes=\"(max-width: 787px) 100vw, 787px\" \/>\t\t\t\t\t\t\t\t<\/a>\n\t\t\t\t\t\t\t\t\t\t\t\t\t\t\t<\/div>\n\t\t\t\t<\/div>\n\t\t<div class=\"elementor-element elementor-element-a709731 e-con-full e-flex wpr-particle-no wpr-jarallax-no wpr-parallax-no wpr-sticky-section-no wpr-equal-height-no e-con e-child\" data-id=\"a709731\" data-element_type=\"container\" data-e-type=\"container\">\n\t\t\t\t<div class=\"elementor-element elementor-element-445190d elementor-widget elementor-widget-image\" data-id=\"445190d\" data-element_type=\"widget\" data-e-type=\"widget\" data-widget_type=\"image.default\">\n\t\t\t\t\t\t\t\t\t\t\t\t\t\t\t\t<a href=\"\/en\/sistema-conred\/\">\n\t\t\t\t\t\t\t<img loading=\"lazy\" decoding=\"async\" width=\"787\" height=\"1024\" src=\"https:\/\/cegss.org.gt\/wp-content\/uploads\/2026\/04\/conred.png\" class=\"attachment-large size-large wp-image-3613\" alt=\"\" srcset=\"https:\/\/cegss.org.gt\/wp-content\/uploads\/2026\/04\/conred.png 787w, https:\/\/cegss.org.gt\/wp-content\/uploads\/2026\/04\/conred-231x300.png 231w, https:\/\/cegss.org.gt\/wp-content\/uploads\/2026\/04\/conred-768x999.png 768w, https:\/\/cegss.org.gt\/wp-content\/uploads\/2026\/04\/conred-9x12.png 9w\" sizes=\"(max-width: 787px) 100vw, 787px\" \/>\t\t\t\t\t\t\t\t<\/a>\n\t\t\t\t\t\t\t\t\t\t\t\t\t\t\t<\/div>\n\t\t\t\t<\/div>\n\t\t\t\t\t<\/div>\n\t\t\t\t<\/div>\n\t\t<div class=\"elementor-element elementor-element-f1cb674 e-flex e-con-boxed wpr-particle-no wpr-jarallax-no wpr-parallax-no wpr-sticky-section-no wpr-equal-height-no e-con e-parent\" data-id=\"f1cb674\" data-element_type=\"container\" data-e-type=\"container\">\n\t\t\t\t\t<div class=\"e-con-inner\">\n\t\t<div class=\"elementor-element elementor-element-5b9a3a5 e-con-full e-flex wpr-particle-no wpr-jarallax-no wpr-parallax-no wpr-sticky-section-no wpr-equal-height-no e-con e-child\" data-id=\"5b9a3a5\" data-element_type=\"container\" data-e-type=\"container\">\n\t\t\t\t<div class=\"elementor-element elementor-element-345f195 elementor-widget elementor-widget-image\" data-id=\"345f195\" data-element_type=\"widget\" data-e-type=\"widget\" data-widget_type=\"image.default\">\n\t\t\t\t\t\t\t\t\t\t\t\t\t\t\t\t<a href=\"\/en\/publicaciones-academicas\/\">\n\t\t\t\t\t\t\t<img loading=\"lazy\" decoding=\"async\" width=\"787\" height=\"1024\" src=\"https:\/\/cegss.org.gt\/wp-content\/uploads\/2026\/04\/Publi.png\" class=\"attachment-large size-large wp-image-3612\" alt=\"\" srcset=\"https:\/\/cegss.org.gt\/wp-content\/uploads\/2026\/04\/Publi.png 787w, https:\/\/cegss.org.gt\/wp-content\/uploads\/2026\/04\/Publi-231x300.png 231w, https:\/\/cegss.org.gt\/wp-content\/uploads\/2026\/04\/Publi-768x999.png 768w, https:\/\/cegss.org.gt\/wp-content\/uploads\/2026\/04\/Publi-9x12.png 9w\" sizes=\"(max-width: 787px) 100vw, 787px\" \/>\t\t\t\t\t\t\t\t<\/a>\n\t\t\t\t\t\t\t\t\t\t\t\t\t\t\t<\/div>\n\t\t\t\t<\/div>\n\t\t\t\t\t<\/div>\n\t\t\t\t<\/div>\n\t\t\t\t<\/div>","protected":false},"excerpt":{"rendered":"<p>Cambio Clim\u00e1tico y Salud CEGSS \/ CAMBIO CLIM\u00c1TICO Y SALUD Cambio Clim\u00e1tico y Salud: \u00a0 \u00a0 \u00a0 Guatemala es uno de los pa\u00edses que sufren mayores efectos negativos debido a fen\u00f3menosClim\u00e1ticos extremos que alternan entre tormentas severas y olas de calor. Estos efectosTienen mayor presencia en el norte y este del pa\u00eds. En el norte, las comunidades q&#8217;eqchi&#8217;Alta Verapaz y la Zona Reina del Quich\u00e9 est\u00e1n entre las m\u00e1s afectadas y al mismoTiempo reciben limitado apoyo de las instituciones p\u00fablicas. A trav\u00e9s de procesos de investigaci\u00f3n-acci\u00f3n participativa, CEGSS en conjunto con laREDC-SALUD, las comunidades afectadas y el apoyo de socios externos han venidoDocumentando los efectos de los eventos clim\u00e1ticos extremos sobre la inseguridadalimentaria, exacerbaci\u00f3n de la pobreza, baja en la disponibilidad y uso de servicios deSalud preventivos y curativos. Al mismo tiempo, se han documentado las brechas enImplementaci\u00f3n de la pol\u00edtica nacional de respuesta a emergencias y, en consecuencia, laPoca atenci\u00f3n que reciben las comunidades afectadas. Como parte de las acciones paraMejora: Las propias comunidades han definido sus prioridades y actualmente las est\u00e1nPresentando a las autoridades a nivel municipal, departamental y nacional.<\/p>","protected":false},"author":1,"featured_media":0,"parent":0,"menu_order":0,"comment_status":"closed","ping_status":"closed","template":"","meta":{"footnotes":""},"class_list":["post-3607","page","type-page","status-publish","hentry"],"acf":[],"_links":{"self":[{"href":"https:\/\/cegss.org.gt\/en\/wp-json\/wp\/v2\/pages\/3607","targetHints":{"allow":["GET"]}}],"collection":[{"href":"https:\/\/cegss.org.gt\/en\/wp-json\/wp\/v2\/pages"}],"about":[{"href":"https:\/\/cegss.org.gt\/en\/wp-json\/wp\/v2\/types\/page"}],"author":[{"embeddable":true,"href":"https:\/\/cegss.org.gt\/en\/wp-json\/wp\/v2\/users\/1"}],"replies":[{"embeddable":true,"href":"https:\/\/cegss.org.gt\/en\/wp-json\/wp\/v2\/comments?post=3607"}],"version-history":[{"count":55,"href":"https:\/\/cegss.org.gt\/en\/wp-json\/wp\/v2\/pages\/3607\/revisions"}],"predecessor-version":[{"id":4408,"href":"https:\/\/cegss.org.gt\/en\/wp-json\/wp\/v2\/pages\/3607\/revisions\/4408"}],"wp:attachment":[{"href":"https:\/\/cegss.org.gt\/en\/wp-json\/wp\/v2\/media?parent=3607"}],"curies":[{"name":"wp","href":"https:\/\/api.w.org\/{rel}","templated":true}]}}