{"id":199,"date":"2026-04-01T21:42:38","date_gmt":"2026-04-01T21:42:38","guid":{"rendered":"http:\/\/cegss.local\/?page_id=199"},"modified":"2026-04-30T02:01:00","modified_gmt":"2026-04-30T02:01:00","slug":"quienes-somos","status":"publish","type":"page","link":"https:\/\/cegss.org.gt\/en\/quienes-somos\/","title":{"rendered":"Who are we"},"content":{"rendered":"<div data-elementor-type=\"wp-page\" data-elementor-id=\"199\" class=\"elementor elementor-199\">\n\t\t\t\t<div class=\"elementor-element elementor-element-d28f419 e-flex e-con-boxed wpr-particle-no wpr-jarallax-no wpr-parallax-no wpr-sticky-section-no wpr-equal-height-no e-con e-parent\" data-id=\"d28f419\" data-element_type=\"container\" data-e-type=\"container\" data-settings=\"{&quot;background_background&quot;:&quot;classic&quot;}\">\n\t\t\t\t\t<div class=\"e-con-inner\">\n\t\t\t\t<div class=\"elementor-element elementor-element-0447c5f elementor-widget elementor-widget-heading\" data-id=\"0447c5f\" data-element_type=\"widget\" data-e-type=\"widget\" data-widget_type=\"heading.default\">\n\t\t\t\t\t<h2 class=\"elementor-heading-title elementor-size-default\">Who are we<\/h2>\t\t\t\t<\/div>\n\t\t\t\t<div class=\"elementor-element elementor-element-a66bf32 elementor-widget elementor-widget-wpr-breadcrumbs-pro\" data-id=\"a66bf32\" data-element_type=\"widget\" data-e-type=\"widget\" data-widget_type=\"wpr-breadcrumbs-pro.default\">\n\t\t\t\t\t<div class=\"wpr-post-breadcrumbs\"><ul class=\"wpr-breadcrumbs\"><li><a href=\"https:\/\/cegss.org.gt\/en\">CEGSS<\/a><\/li><li>\/<\/li><li>Who are we<\/li><\/ul><\/div>\t\t\t\t<\/div>\n\t\t\t\t\t<\/div>\n\t\t\t\t<\/div>\n\t\t<div class=\"elementor-element elementor-element-6eade89 e-flex e-con-boxed wpr-particle-no wpr-jarallax-no wpr-parallax-no wpr-sticky-section-no wpr-equal-height-no e-con e-parent\" data-id=\"6eade89\" data-element_type=\"container\" data-e-type=\"container\">\n\t\t\t\t\t<div class=\"e-con-inner\">\n\t\t<div class=\"elementor-element elementor-element-e6645e5 e-con-full e-flex wpr-particle-no wpr-jarallax-no wpr-parallax-no wpr-sticky-section-no wpr-equal-height-no e-con e-child\" data-id=\"e6645e5\" data-element_type=\"container\" data-e-type=\"container\">\n\t\t\t\t<div class=\"elementor-element elementor-element-d945738 elementor-widget-divider--view-line elementor-widget elementor-widget-divider\" data-id=\"d945738\" data-element_type=\"widget\" data-e-type=\"widget\" data-widget_type=\"divider.default\">\n\t\t\t\t\t\t\t<div class=\"elementor-divider\">\n\t\t\t<span class=\"elementor-divider-separator\">\n\t\t\t\t\t\t<\/span>\n\t\t<\/div>\n\t\t\t\t\t\t<\/div>\n\t\t\t\t<div class=\"elementor-element elementor-element-f09b43c elementor-widget elementor-widget-heading\" data-id=\"f09b43c\" data-element_type=\"widget\" data-e-type=\"widget\" data-widget_type=\"heading.default\">\n\t\t\t\t\t<h2 class=\"elementor-heading-title elementor-size-default\"><span style=\"font-weight: 400\">\n  <span style=\"color: #FF4D4D\">CEGSS:<\/span> How we were born for the right to health in Guatemala\n<\/span><\/h2>\t\t\t\t<\/div>\n\t\t\t\t<div class=\"elementor-element elementor-element-f21596c elementor-widget-divider--view-line elementor-widget elementor-widget-divider\" data-id=\"f21596c\" data-element_type=\"widget\" data-e-type=\"widget\" data-widget_type=\"divider.default\">\n\t\t\t\t\t\t\t<div class=\"elementor-divider\">\n\t\t\t<span class=\"elementor-divider-separator\">\n\t\t\t\t\t\t<\/span>\n\t\t<\/div>\n\t\t\t\t\t\t<\/div>\n\t\t\t\t<div class=\"elementor-element elementor-element-f8e0ffc elementor-widget elementor-widget-image\" data-id=\"f8e0ffc\" data-element_type=\"widget\" data-e-type=\"widget\" data-widget_type=\"image.default\">\n\t\t\t\t\t\t\t\t\t\t\t\t\t\t\t<img fetchpriority=\"high\" decoding=\"async\" width=\"960\" height=\"720\" src=\"https:\/\/cegss.org.gt\/wp-content\/uploads\/2026\/04\/IMG_5015-1024x768.jpg\" class=\"attachment-large size-large wp-image-4037\" alt=\"\" srcset=\"https:\/\/cegss.org.gt\/wp-content\/uploads\/2026\/04\/IMG_5015-1024x768.jpg 1024w, https:\/\/cegss.org.gt\/wp-content\/uploads\/2026\/04\/IMG_5015-300x225.jpg 300w, https:\/\/cegss.org.gt\/wp-content\/uploads\/2026\/04\/IMG_5015-768x576.jpg 768w, https:\/\/cegss.org.gt\/wp-content\/uploads\/2026\/04\/IMG_5015-1536x1152.jpg 1536w, https:\/\/cegss.org.gt\/wp-content\/uploads\/2026\/04\/IMG_5015-2048x1536.jpg 2048w, https:\/\/cegss.org.gt\/wp-content\/uploads\/2026\/04\/IMG_5015-16x12.jpg 16w\" sizes=\"(max-width: 960px) 100vw, 960px\" \/>\t\t\t\t\t\t\t\t\t\t\t\t\t\t\t<\/div>\n\t\t\t\t<\/div>\n\t\t<div class=\"elementor-element elementor-element-0c4f2d5 e-con-full e-flex wpr-particle-no wpr-jarallax-no wpr-parallax-no wpr-sticky-section-no wpr-equal-height-no e-con e-child\" data-id=\"0c4f2d5\" data-element_type=\"container\" data-e-type=\"container\">\n\t\t\t\t<div class=\"elementor-element elementor-element-2c376cf elementor-widget elementor-widget-text-editor\" data-id=\"2c376cf\" data-element_type=\"widget\" data-e-type=\"widget\" data-widget_type=\"text-editor.default\">\n\t\t\t\t\t\t\t\t\t<p>In 2006, a group of young professionals, led by Walter Flores, joined together to implement a participatory action research project to apply a monitoring system for health services in rural municipalities, based on the premise that distrust between the population and public servants is a remnant of the armed conflict experienced in Guatemala and the historical relations of discrimination and social exclusion.<\/p>\n<p>Our basis is the Urban and Rural Development Councils Law and the Health Code, with the project we promote citizen involvement in public policies and health services as a way to bring the different actors together, generate dialogue, accountability and contribute to the democratic governance of the health system.<\/p>\n<p>The project presented significant challenges and demonstrated the enormous potential that exists in addressing problems of access to health services and the shortage of essential supplies, through the collective action of the rural population that learns about their current rights and obligations within the country's legal framework.<\/p>\n<p>We grew by developing academic work with a commitment to supporting the agency of socially excluded populations. We generated our findings and knowledge through research, to be communicated and channeled into advocacy and political influence processes.<\/p>\n<p>Our research project was developed independently until it evolved into the intention of founding a civil association to put its purposes into practice; thus, in January 2009, the&nbsp;<strong><em>Center for the Study of Equity and Governance in Health Systems<\/em><\/strong>&nbsp;(CEGSS).<\/p>\n<p>From its foundation to date, the CEGSS team has grown and expanded its work horizon, which currently includes international collaborations and maintains the original purpose that research and knowledge are collective processes that should serve to counteract social exclusion and discrimination in our societies.<\/p>\t\t\t\t\t\t\t\t<\/div>\n\t\t\t\t<\/div>\n\t\t\t\t\t<\/div>\n\t\t\t\t<\/div>\n\t\t<div class=\"elementor-element elementor-element-e19db65 e-flex e-con-boxed wpr-particle-no wpr-jarallax-no wpr-parallax-no wpr-sticky-section-no wpr-equal-height-no e-con e-parent\" data-id=\"e19db65\" data-element_type=\"container\" data-e-type=\"container\">\n\t\t\t\t\t<div class=\"e-con-inner\">\n\t\t<div class=\"elementor-element elementor-element-4f1a1a9 e-con-full e-flex wpr-particle-no wpr-jarallax-no wpr-parallax-no wpr-sticky-section-no wpr-equal-height-no e-con e-child\" data-id=\"4f1a1a9\" data-element_type=\"container\" data-e-type=\"container\">\n\t\t\t\t<div class=\"elementor-element elementor-element-646ea9d elementor-widget-divider--view-line_text elementor-widget-divider--element-align-center elementor-widget elementor-widget-divider\" data-id=\"646ea9d\" data-element_type=\"widget\" data-e-type=\"widget\" data-widget_type=\"divider.default\">\n\t\t\t\t\t\t\t<div class=\"elementor-divider\">\n\t\t\t<span class=\"elementor-divider-separator\">\n\t\t\t\t\t\t\t<span class=\"elementor-divider__text elementor-divider__element\">\n\t\t\t\tMission\t\t\t\t<\/span>\n\t\t\t\t\t\t<\/span>\n\t\t<\/div>\n\t\t\t\t\t\t<\/div>\n\t\t<div class=\"elementor-element elementor-element-d3c1647 e-con-full e-flex wpr-particle-no wpr-jarallax-no wpr-parallax-no wpr-sticky-section-no wpr-equal-height-no e-con e-child\" data-id=\"d3c1647\" data-element_type=\"container\" data-e-type=\"container\">\n\t\t\t\t<div class=\"elementor-element elementor-element-4d449db elementor-widget__width-initial elementor-widget elementor-widget-image\" data-id=\"4d449db\" data-element_type=\"widget\" data-e-type=\"widget\" data-widget_type=\"image.default\">\n\t\t\t\t\t\t\t\t\t\t\t\t\t\t\t<img decoding=\"async\" width=\"512\" height=\"512\" src=\"https:\/\/cegss.org.gt\/wp-content\/uploads\/2026\/04\/im2-1.png\" class=\"attachment-large size-large wp-image-3461\" alt=\"\" srcset=\"https:\/\/cegss.org.gt\/wp-content\/uploads\/2026\/04\/im2-1.png 512w, https:\/\/cegss.org.gt\/wp-content\/uploads\/2026\/04\/im2-1-300x300.png 300w, https:\/\/cegss.org.gt\/wp-content\/uploads\/2026\/04\/im2-1-150x150.png 150w, https:\/\/cegss.org.gt\/wp-content\/uploads\/2026\/04\/im2-1-12x12.png 12w\" sizes=\"(max-width: 512px) 100vw, 512px\" \/>\t\t\t\t\t\t\t\t\t\t\t\t\t\t\t<\/div>\n\t\t\t\t<div class=\"elementor-element elementor-element-0afb562 elementor-widget elementor-widget-text-editor\" data-id=\"0afb562\" data-element_type=\"widget\" data-e-type=\"widget\" data-widget_type=\"text-editor.default\">\n\t\t\t\t\t\t\t\t\t<div class=\"vc_row wpb_row vc_inner row-fluid\"><div class=\"wpb_column vc_column_container vc_col-sm-9\"><div class=\"vc_column-inner\"><div class=\"wpb_wrapper\"><div class=\"wpb_text_column wpb_content_element\"><div class=\"wpb_wrapper\"><div class=\"vc_row wpb_row vc_inner row-fluid\"><div class=\"wpb_column vc_column_container vc_col-sm-9\"><div class=\"vc_column-inner\"><div class=\"wpb_wrapper\"><div class=\"wpb_text_column wpb_content_element\"><div class=\"wpb_wrapper\"><p>We are a center for applied research and innovation in processes of legal empowerment and citizen oversight for accountability and the promotion of human rights in marginalized populations.<\/p><\/div><\/div><\/div><\/div><\/div><\/div><\/div><\/div><\/div><\/div><\/div><\/div>\t\t\t\t\t\t\t\t<\/div>\n\t\t\t\t<\/div>\n\t\t\t\t<div class=\"elementor-element elementor-element-1978d69 elementor-widget-divider--view-line elementor-widget elementor-widget-divider\" data-id=\"1978d69\" data-element_type=\"widget\" data-e-type=\"widget\" data-widget_type=\"divider.default\">\n\t\t\t\t\t\t\t<div class=\"elementor-divider\">\n\t\t\t<span class=\"elementor-divider-separator\">\n\t\t\t\t\t\t<\/span>\n\t\t<\/div>\n\t\t\t\t\t\t<\/div>\n\t\t\t\t<\/div>\n\t\t<div class=\"elementor-element elementor-element-e241c3d e-con-full e-flex wpr-particle-no wpr-jarallax-no wpr-parallax-no wpr-sticky-section-no wpr-equal-height-no e-con e-child\" data-id=\"e241c3d\" data-element_type=\"container\" data-e-type=\"container\">\n\t\t\t\t<div class=\"elementor-element elementor-element-6f667f1 elementor-widget-divider--view-line_text elementor-widget-divider--element-align-center elementor-widget elementor-widget-divider\" data-id=\"6f667f1\" data-element_type=\"widget\" data-e-type=\"widget\" data-widget_type=\"divider.default\">\n\t\t\t\t\t\t\t<div class=\"elementor-divider\">\n\t\t\t<span class=\"elementor-divider-separator\">\n\t\t\t\t\t\t\t<span class=\"elementor-divider__text elementor-divider__element\">\n\t\t\t\tVision\t\t\t\t<\/span>\n\t\t\t\t\t\t<\/span>\n\t\t<\/div>\n\t\t\t\t\t\t<\/div>\n\t\t<div class=\"elementor-element elementor-element-027854e e-con-full e-flex wpr-particle-no wpr-jarallax-no wpr-parallax-no wpr-sticky-section-no wpr-equal-height-no e-con e-child\" data-id=\"027854e\" data-element_type=\"container\" data-e-type=\"container\">\n\t\t\t\t<div class=\"elementor-element elementor-element-15c9550 elementor-widget__width-initial elementor-widget elementor-widget-image\" data-id=\"15c9550\" data-element_type=\"widget\" data-e-type=\"widget\" data-widget_type=\"image.default\">\n\t\t\t\t\t\t\t\t\t\t\t\t\t\t\t<img decoding=\"async\" width=\"512\" height=\"512\" src=\"https:\/\/cegss.org.gt\/wp-content\/uploads\/2026\/04\/im3.png\" class=\"attachment-large size-large wp-image-3462\" alt=\"\" srcset=\"https:\/\/cegss.org.gt\/wp-content\/uploads\/2026\/04\/im3.png 512w, https:\/\/cegss.org.gt\/wp-content\/uploads\/2026\/04\/im3-300x300.png 300w, https:\/\/cegss.org.gt\/wp-content\/uploads\/2026\/04\/im3-150x150.png 150w, https:\/\/cegss.org.gt\/wp-content\/uploads\/2026\/04\/im3-12x12.png 12w\" sizes=\"(max-width: 512px) 100vw, 512px\" \/>\t\t\t\t\t\t\t\t\t\t\t\t\t\t\t<\/div>\n\t\t\t\t<div class=\"elementor-element elementor-element-99ae970 elementor-widget elementor-widget-text-editor\" data-id=\"99ae970\" data-element_type=\"widget\" data-e-type=\"widget\" data-widget_type=\"text-editor.default\">\n\t\t\t\t\t\t\t\t\t<p>We promote social inclusion, democratic governance, and equitable access for the rural indigenous population to public health services and other essential services.<\/p>\t\t\t\t\t\t\t\t<\/div>\n\t\t\t\t<\/div>\n\t\t\t\t<div class=\"elementor-element elementor-element-45889de elementor-widget-divider--view-line elementor-widget elementor-widget-divider\" data-id=\"45889de\" data-element_type=\"widget\" data-e-type=\"widget\" data-widget_type=\"divider.default\">\n\t\t\t\t\t\t\t<div class=\"elementor-divider\">\n\t\t\t<span class=\"elementor-divider-separator\">\n\t\t\t\t\t\t<\/span>\n\t\t<\/div>\n\t\t\t\t\t\t<\/div>\n\t\t\t\t<\/div>\n\t\t\t\t\t<\/div>\n\t\t\t\t<\/div>\n\t\t\t\t<\/div>","protected":false},"excerpt":{"rendered":"<p>Qui\u00e9nes somos CEGSS \/ Qui\u00e9nes somos CEGSS: As\u00ed nacimos por el derecho a la salud en Guatemala En el &nbsp;2006, un grupo de&nbsp; profesionales j\u00f3venes, liderados por Walter Flores,&nbsp; se unieron para&nbsp; implementar un proyecto de investigaci\u00f3n-acci\u00f3n participativa para aplicar un sistema de monitoreo de los servicios de salud en municipios rurales, partiendo de la premisa de la desconfianza entre la poblaci\u00f3n y los servidores p\u00fablicos es un remanente del conflicto armado vivido en Guatemala y las relaciones hist\u00f3ricas de discriminaci\u00f3n&nbsp; y exclusi\u00f3n social. Nuestra base es la ley&nbsp; de Consejos de Desarrollo Urbano y Rural y el C\u00f3digo de Salud, con el proyecto promovemos que los ciudadanos se involucren en las pol\u00edticas p\u00fablicas y servicios de salud como una forma de acercar a los diferentes actores, generar di\u00e1logo, rendici\u00f3n de cuentas y contribuir a la gobernanza democr\u00e1tica del sistema de salud. El proyecto present\u00f3 retos importantes y demostr\u00f3 el potencial enorme que existe en abordar los problemas de acceso a los servicios de salud y el desabastecimiento de insumos esenciales, por medio de la acci\u00f3n colectiva de la poblaci\u00f3n rural que aprende sobre los derechos y obligaciones vigentes en el marco legal del pa\u00eds. Crecimos desarrollando un trabajo acad\u00e9mico con el compromiso de apoyar la capacidad de agencia de las poblaciones socialmente excluidas. Nuestros hallazgos y conocimientos los generamos a trav\u00e9s de la investigaci\u00f3n, para ser comunicados y vertidos en procesos de abogac\u00eda e incidencia pol\u00edtica. Nuestro proyecto de investigaci\u00f3n los desarrollamos de forma aislada para convertirse en la intenci\u00f3n de fundar una asociaci\u00f3n civil para llevar a la pr\u00e1ctica los prop\u00f3sitos, fue as\u00ed como en enero de 2009 se funda el&nbsp;Centro de Estudios para la Equidad y Gobernanza en los Sistemas de Salud&nbsp;(CEGSS). Desde su fundaci\u00f3n hasta la fecha, en el equipo del CEGSS hemos crecido y expandiendo &nbsp;el&nbsp; horizonte de trabajo, que en la actualidad incluye colaboraciones internacionales y mantenemos el prop\u00f3sito original de que la investigaci\u00f3n y el conocimiento son procesos colectivos que debe servir para contrarrestar la exclusi\u00f3n social y la discriminaci\u00f3n en nuestras sociedades. Misi\u00f3n Somos un centro de investigaci\u00f3n aplicada e innovaci\u00f3n en procesos de empoderamiento legal y vigilancia ciudadana para la rendici\u00f3n de cuentas y la promoci\u00f3n de derechos humanos en poblaciones marginadas. Visi\u00f3n Promovemos la inclusi\u00f3n social, gobernanza democr\u00e1tica, y acceso equitativo de la poblaci\u00f3n rural ind\u00edgena a los servicios p\u00fablicos de salud y otros servicios esenciales.<\/p>","protected":false},"author":1,"featured_media":0,"parent":0,"menu_order":0,"comment_status":"closed","ping_status":"closed","template":"","meta":{"footnotes":""},"class_list":["post-199","page","type-page","status-publish","hentry"],"acf":[],"_links":{"self":[{"href":"https:\/\/cegss.org.gt\/en\/wp-json\/wp\/v2\/pages\/199","targetHints":{"allow":["GET"]}}],"collection":[{"href":"https:\/\/cegss.org.gt\/en\/wp-json\/wp\/v2\/pages"}],"about":[{"href":"https:\/\/cegss.org.gt\/en\/wp-json\/wp\/v2\/types\/page"}],"author":[{"embeddable":true,"href":"https:\/\/cegss.org.gt\/en\/wp-json\/wp\/v2\/users\/1"}],"replies":[{"embeddable":true,"href":"https:\/\/cegss.org.gt\/en\/wp-json\/wp\/v2\/comments?post=199"}],"version-history":[{"count":124,"href":"https:\/\/cegss.org.gt\/en\/wp-json\/wp\/v2\/pages\/199\/revisions"}],"predecessor-version":[{"id":4867,"href":"https:\/\/cegss.org.gt\/en\/wp-json\/wp\/v2\/pages\/199\/revisions\/4867"}],"wp:attachment":[{"href":"https:\/\/cegss.org.gt\/en\/wp-json\/wp\/v2\/media?parent=199"}],"curies":[{"name":"wp","href":"https:\/\/api.w.org\/{rel}","templated":true}]}}